{"id":136,"date":"2018-07-04T13:24:28","date_gmt":"2018-07-04T16:24:28","guid":{"rendered":"http:\/\/institutoodontofacial.com.br\/?page_id=136"},"modified":"2023-02-07T14:21:48","modified_gmt":"2023-02-07T17:21:48","slug":"diretoria","status":"publish","type":"page","link":"https:\/\/sindcomerciosl.com.br\/portal\/diretoria\/","title":{"rendered":"Diretoria"},"content":{"rendered":"<div class=\"wpb-content-wrapper\"><p>[vc_row][vc_column][vc_custom_heading text=&#8221;<strong>MANDATO 2022\/2026<\/strong>&#8221; font_container=&#8221;tag:h3|font_size:20px|text_align:center|color:%2322417e&#8221; use_theme_fonts=&#8221;yes&#8221;][vc_empty_space height=&#8221;15px&#8221;][\/vc_column][\/vc_row][vc_row css=&#8221;.vc_custom_1535990845718{margin-bottom: 30px !important;}&#8221;][vc_column][vc_row_inner][vc_column_inner width=&#8221;1\/2&#8243;][vc_custom_heading text=&#8221;<strong>PRESIDENTE<\/strong>&#8221; font_container=&#8221;tag:h3|font_size:18px|text_align:left|color:%2322417e&#8221; use_theme_fonts=&#8221;yes&#8221;][vc_column_text]Evando Avelar Duarte[\/vc_column_text][\/vc_column_inner][vc_column_inner width=&#8221;1\/2&#8243;][vc_custom_heading text=&#8221;<strong>VICE-PRESIDENTE<\/strong>&#8221; font_container=&#8221;tag:h3|font_size:18px|text_align:left|color:%2322417e&#8221; use_theme_fonts=&#8221;yes&#8221;][vc_column_text]<\/p>\n<p style=\"text-align: left;\">Loucimar do Egito Ribeiro<\/p>\n<p>[\/vc_column_text][\/vc_column_inner][\/vc_row_inner][vc_row_inner][vc_column_inner width=&#8221;1\/2&#8243;][vc_custom_heading text=&#8221;<strong>SECRET\u00c1RIO<\/strong>&#8221; font_container=&#8221;tag:h3|font_size:19px|text_align:left|color:%2322417e&#8221; use_theme_fonts=&#8221;yes&#8221;][vc_column_text]Jos\u00e9 Ant\u00f4nio de Oliveira Jr<br \/>\nWanderson Carvalho Henriques[\/vc_column_text][\/vc_column_inner][vc_column_inner width=&#8221;1\/2&#8243;][vc_custom_heading text=&#8221;<strong>TESOUREIRO<\/strong>&#8221; font_container=&#8221;tag:h3|font_size:19px|text_align:left|color:%2322417e&#8221; use_theme_fonts=&#8221;yes&#8221;][vc_column_text]Jos\u00e9 Geraldo Louren\u00e7o<br \/>\nWarley Cardoso Raposo[\/vc_column_text][\/vc_column_inner][\/vc_row_inner][vc_row_inner][vc_column_inner width=&#8221;1\/2&#8243;][vc_custom_heading text=&#8221;<strong>DIRETORIA SUPLENTE<\/strong>&#8221; font_container=&#8221;tag:h3|font_size:19px|text_align:left|color:%2322417e&#8221; use_theme_fonts=&#8221;yes&#8221;][vc_column_text]Jos\u00e9 Ant\u00f4nio Raposo<br \/>\nDaniel Abreu Oliveira<br \/>\nAna Fl\u00e1via Fernandes Farinha<br \/>\nRodrigo C\u00e9sar Pereira Alves<br \/>\nReginaldo Silveira Ara\u00fajo<br \/>\nAdriane Cristina Domiciano Resende Rosa[\/vc_column_text][\/vc_column_inner][vc_column_inner width=&#8221;1\/2&#8243;][vc_custom_heading text=&#8221;<strong>CONSELHO FISCAL EFETIVO<\/strong>&#8221; font_container=&#8221;tag:h3|font_size:19px|text_align:left|color:%2322417e&#8221; use_theme_fonts=&#8221;yes&#8221;][vc_column_text]Jos\u00e9 Maria Alves Farinha<br \/>\nValdeir Lemos Gaspar<br \/>\nAnanias Antonio Neto[\/vc_column_text][\/vc_column_inner][\/vc_row_inner][vc_row_inner][vc_column_inner width=&#8221;1\/2&#8243;][vc_custom_heading text=&#8221;<strong>CONSELHO FISCAL SUPLENTE<\/strong>&#8221; font_container=&#8221;tag:h3|font_size:19px|text_align:left|color:%2322417e&#8221; use_theme_fonts=&#8221;yes&#8221;][vc_column_text]Alcimar Francisco da Silva<br \/>\nAlessandro Kelwis de Freitas<br \/>\nJuliana Guimar\u00e3es Mendes de Andrade[\/vc_column_text][\/vc_column_inner][vc_column_inner width=&#8221;1\/2&#8243;][\/vc_column_inner][\/vc_row_inner][\/vc_column][\/vc_row]<\/p>\n<\/div>","protected":false},"excerpt":{"rendered":"<p>[vc_row][vc_column][vc_custom_heading text=&#8221;MANDATO 2022\/2026&#8221; font_container=&#8221;tag:h3|font_size:20px|text_align:center|color:%2322417e&#8221; use_theme_fonts=&#8221;yes&#8221;][vc_empty_space height=&#8221;15px&#8221;][\/vc_column][\/vc_row][vc_row css=&#8221;.vc_custom_1535990845718{margin-bottom: 30px !important;}&#8221;][vc_column][vc_row_inner][vc_column_inner width=&#8221;1\/2&#8243;][vc_custom_heading text=&#8221;PRESIDENTE&#8221; font_container=&#8221;tag:h3|font_size:18px|text_align:left|color:%2322417e&#8221; use_theme_fonts=&#8221;yes&#8221;][vc_column_text]Evando Avelar Duarte[\/vc_column_text][\/vc_column_inner][vc_column_inner width=&#8221;1\/2&#8243;][vc_custom_heading text=&#8221;VICE-PRESIDENTE&#8221; font_container=&#8221;tag:h3|font_size:18px|text_align:left|color:%2322417e&#8221; use_theme_fonts=&#8221;yes&#8221;][vc_column_text] Loucimar do Egito Ribeiro [\/vc_column_text][\/vc_column_inner][\/vc_row_inner][vc_row_inner][vc_column_inner width=&#8221;1\/2&#8243;][vc_custom_heading text=&#8221;SECRET\u00c1RIO&#8221; font_container=&#8221;tag:h3|font_size:19px|text_align:left|color:%2322417e&#8221; use_theme_fonts=&#8221;yes&#8221;][vc_column_text]Jos\u00e9 Ant\u00f4nio de Oliveira Jr Wanderson Carvalho Henriques[\/vc_column_text][\/vc_column_inner][vc_column_inner width=&#8221;1\/2&#8243;][vc_custom_heading text=&#8221;TESOUREIRO&#8221; font_container=&#8221;tag:h3|font_size:19px|text_align:left|color:%2322417e&#8221; use_theme_fonts=&#8221;yes&#8221;][vc_column_text]Jos\u00e9 Geraldo Louren\u00e7o Warley Cardoso Raposo[\/vc_column_text][\/vc_column_inner][\/vc_row_inner][vc_row_inner][vc_column_inner width=&#8221;1\/2&#8243;][vc_custom_heading text=&#8221;DIRETORIA SUPLENTE&#8221; font_container=&#8221;tag:h3|font_size:19px|text_align:left|color:%2322417e&#8221; use_theme_fonts=&#8221;yes&#8221;][vc_column_text]Jos\u00e9 Ant\u00f4nio Raposo Daniel Abreu Oliveira Ana [&hellip;]<\/p>\n","protected":false},"author":1,"featured_media":0,"parent":0,"menu_order":0,"comment_status":"closed","ping_status":"closed","template":"page-pagebuilder-title.php","meta":{"ngg_post_thumbnail":0,"_joinchat":[],"footnotes":""},"class_list":["post-136","page","type-page","status-publish","hentry"],"yoast_head":"<!-- This site is optimized with the Yoast SEO plugin v26.9 - https:\/\/yoast.com\/product\/yoast-seo-wordpress\/ -->\n<title>Diretoria | SindCom\u00e9rcio<\/title>\n<meta name=\"description\" content=\"Evando Avelar Duarte Loucimar do Egito Ribeiro Jos\u00e9 Ant\u00f4nio de Oliveira Jr Wanderson Carvalho HenriquesJos\u00e9 Geraldo Louren\u00e7o Warley Cardoso RaposoJos\u00e9\" \/>\n<meta name=\"robots\" content=\"index, follow, max-snippet:-1, max-image-preview:large, max-video-preview:-1\" \/>\n<link rel=\"canonical\" href=\"https:\/\/sindcomerciosl.com.br\/portal\/diretoria\/\" \/>\n<meta property=\"og:locale\" content=\"pt_BR\" \/>\n<meta property=\"og:type\" content=\"article\" \/>\n<meta property=\"og:title\" content=\"Diretoria | SindCom\u00e9rcio\" \/>\n<meta property=\"og:description\" content=\"Evando Avelar Duarte Loucimar do Egito Ribeiro Jos\u00e9 Ant\u00f4nio de Oliveira Jr Wanderson Carvalho HenriquesJos\u00e9 Geraldo Louren\u00e7o Warley Cardoso RaposoJos\u00e9\" \/>\n<meta property=\"og:url\" content=\"https:\/\/sindcomerciosl.com.br\/portal\/diretoria\/\" \/>\n<meta property=\"og:site_name\" content=\"SindCom\u00e9rcio\" \/>\n<meta property=\"article:modified_time\" content=\"2023-02-07T17:21:48+00:00\" \/>\n<meta name=\"twitter:card\" content=\"summary_large_image\" \/>\n<meta name=\"twitter:label1\" content=\"Est. tempo de leitura\" \/>\n\t<meta name=\"twitter:data1\" content=\"1 minuto\" \/>\n<script type=\"application\/ld+json\" class=\"yoast-schema-graph\">{\"@context\":\"https:\/\/schema.org\",\"@graph\":[{\"@type\":\"WebPage\",\"@id\":\"https:\/\/sindcomerciosl.com.br\/portal\/diretoria\/\",\"url\":\"https:\/\/sindcomerciosl.com.br\/portal\/diretoria\/\",\"name\":\"Diretoria | SindCom\u00e9rcio\",\"isPartOf\":{\"@id\":\"https:\/\/sindcomerciosl.com.br\/portal\/#website\"},\"datePublished\":\"2018-07-04T16:24:28+00:00\",\"dateModified\":\"2023-02-07T17:21:48+00:00\",\"description\":\"Evando Avelar Duarte Loucimar do Egito Ribeiro Jos\u00e9 Ant\u00f4nio de Oliveira Jr Wanderson Carvalho HenriquesJos\u00e9 Geraldo Louren\u00e7o Warley Cardoso RaposoJos\u00e9\",\"breadcrumb\":{\"@id\":\"https:\/\/sindcomerciosl.com.br\/portal\/diretoria\/#breadcrumb\"},\"inLanguage\":\"pt-BR\",\"potentialAction\":[{\"@type\":\"ReadAction\",\"target\":[\"https:\/\/sindcomerciosl.com.br\/portal\/diretoria\/\"]}]},{\"@type\":\"BreadcrumbList\",\"@id\":\"https:\/\/sindcomerciosl.com.br\/portal\/diretoria\/#breadcrumb\",\"itemListElement\":[{\"@type\":\"ListItem\",\"position\":1,\"name\":\"In\u00edcio\",\"item\":\"https:\/\/sindcomerciosl.com.br\/portal\/\"},{\"@type\":\"ListItem\",\"position\":2,\"name\":\"Diretoria\"}]},{\"@type\":\"WebSite\",\"@id\":\"https:\/\/sindcomerciosl.com.br\/portal\/#website\",\"url\":\"https:\/\/sindcomerciosl.com.br\/portal\/\",\"name\":\"SindCom\u00e9rcio\",\"description\":\"\",\"publisher\":{\"@id\":\"https:\/\/sindcomerciosl.com.br\/portal\/#organization\"},\"potentialAction\":[{\"@type\":\"SearchAction\",\"target\":{\"@type\":\"EntryPoint\",\"urlTemplate\":\"https:\/\/sindcomerciosl.com.br\/portal\/?s={search_term_string}\"},\"query-input\":{\"@type\":\"PropertyValueSpecification\",\"valueRequired\":true,\"valueName\":\"search_term_string\"}}],\"inLanguage\":\"pt-BR\"},{\"@type\":\"Organization\",\"@id\":\"https:\/\/sindcomerciosl.com.br\/portal\/#organization\",\"name\":\"Sindcom\u00e9rcio de Sete Lagoas\",\"url\":\"https:\/\/sindcomerciosl.com.br\/portal\/\",\"logo\":{\"@type\":\"ImageObject\",\"inLanguage\":\"pt-BR\",\"@id\":\"https:\/\/sindcomerciosl.com.br\/portal\/#\/schema\/logo\/image\/\",\"url\":\"https:\/\/sindcomerciosl.com.br\/portal\/wp-content\/uploads\/2018\/07\/logo-sindcomercio-mobile.png\",\"contentUrl\":\"https:\/\/sindcomerciosl.com.br\/portal\/wp-content\/uploads\/2018\/07\/logo-sindcomercio-mobile.png\",\"width\":140,\"height\":48,\"caption\":\"Sindcom\u00e9rcio de Sete Lagoas\"},\"image\":{\"@id\":\"https:\/\/sindcomerciosl.com.br\/portal\/#\/schema\/logo\/image\/\"}}]}<\/script>\n<!-- \/ Yoast SEO plugin. -->","yoast_head_json":{"title":"Diretoria | SindCom\u00e9rcio","description":"Evando Avelar Duarte Loucimar do Egito Ribeiro Jos\u00e9 Ant\u00f4nio de Oliveira Jr Wanderson Carvalho HenriquesJos\u00e9 Geraldo Louren\u00e7o Warley Cardoso RaposoJos\u00e9","robots":{"index":"index","follow":"follow","max-snippet":"max-snippet:-1","max-image-preview":"max-image-preview:large","max-video-preview":"max-video-preview:-1"},"canonical":"https:\/\/sindcomerciosl.com.br\/portal\/diretoria\/","og_locale":"pt_BR","og_type":"article","og_title":"Diretoria | SindCom\u00e9rcio","og_description":"Evando Avelar Duarte Loucimar do Egito Ribeiro Jos\u00e9 Ant\u00f4nio de Oliveira Jr Wanderson Carvalho HenriquesJos\u00e9 Geraldo Louren\u00e7o Warley Cardoso RaposoJos\u00e9","og_url":"https:\/\/sindcomerciosl.com.br\/portal\/diretoria\/","og_site_name":"SindCom\u00e9rcio","article_modified_time":"2023-02-07T17:21:48+00:00","twitter_card":"summary_large_image","twitter_misc":{"Est. tempo de leitura":"1 minuto"},"schema":{"@context":"https:\/\/schema.org","@graph":[{"@type":"WebPage","@id":"https:\/\/sindcomerciosl.com.br\/portal\/diretoria\/","url":"https:\/\/sindcomerciosl.com.br\/portal\/diretoria\/","name":"Diretoria | SindCom\u00e9rcio","isPartOf":{"@id":"https:\/\/sindcomerciosl.com.br\/portal\/#website"},"datePublished":"2018-07-04T16:24:28+00:00","dateModified":"2023-02-07T17:21:48+00:00","description":"Evando Avelar Duarte Loucimar do Egito Ribeiro Jos\u00e9 Ant\u00f4nio de Oliveira Jr Wanderson Carvalho HenriquesJos\u00e9 Geraldo Louren\u00e7o Warley Cardoso RaposoJos\u00e9","breadcrumb":{"@id":"https:\/\/sindcomerciosl.com.br\/portal\/diretoria\/#breadcrumb"},"inLanguage":"pt-BR","potentialAction":[{"@type":"ReadAction","target":["https:\/\/sindcomerciosl.com.br\/portal\/diretoria\/"]}]},{"@type":"BreadcrumbList","@id":"https:\/\/sindcomerciosl.com.br\/portal\/diretoria\/#breadcrumb","itemListElement":[{"@type":"ListItem","position":1,"name":"In\u00edcio","item":"https:\/\/sindcomerciosl.com.br\/portal\/"},{"@type":"ListItem","position":2,"name":"Diretoria"}]},{"@type":"WebSite","@id":"https:\/\/sindcomerciosl.com.br\/portal\/#website","url":"https:\/\/sindcomerciosl.com.br\/portal\/","name":"SindCom\u00e9rcio","description":"","publisher":{"@id":"https:\/\/sindcomerciosl.com.br\/portal\/#organization"},"potentialAction":[{"@type":"SearchAction","target":{"@type":"EntryPoint","urlTemplate":"https:\/\/sindcomerciosl.com.br\/portal\/?s={search_term_string}"},"query-input":{"@type":"PropertyValueSpecification","valueRequired":true,"valueName":"search_term_string"}}],"inLanguage":"pt-BR"},{"@type":"Organization","@id":"https:\/\/sindcomerciosl.com.br\/portal\/#organization","name":"Sindcom\u00e9rcio de Sete Lagoas","url":"https:\/\/sindcomerciosl.com.br\/portal\/","logo":{"@type":"ImageObject","inLanguage":"pt-BR","@id":"https:\/\/sindcomerciosl.com.br\/portal\/#\/schema\/logo\/image\/","url":"https:\/\/sindcomerciosl.com.br\/portal\/wp-content\/uploads\/2018\/07\/logo-sindcomercio-mobile.png","contentUrl":"https:\/\/sindcomerciosl.com.br\/portal\/wp-content\/uploads\/2018\/07\/logo-sindcomercio-mobile.png","width":140,"height":48,"caption":"Sindcom\u00e9rcio de Sete Lagoas"},"image":{"@id":"https:\/\/sindcomerciosl.com.br\/portal\/#\/schema\/logo\/image\/"}}]}},"_links":{"self":[{"href":"https:\/\/sindcomerciosl.com.br\/portal\/wp-json\/wp\/v2\/pages\/136","targetHints":{"allow":["GET"]}}],"collection":[{"href":"https:\/\/sindcomerciosl.com.br\/portal\/wp-json\/wp\/v2\/pages"}],"about":[{"href":"https:\/\/sindcomerciosl.com.br\/portal\/wp-json\/wp\/v2\/types\/page"}],"author":[{"embeddable":true,"href":"https:\/\/sindcomerciosl.com.br\/portal\/wp-json\/wp\/v2\/users\/1"}],"replies":[{"embeddable":true,"href":"https:\/\/sindcomerciosl.com.br\/portal\/wp-json\/wp\/v2\/comments?post=136"}],"version-history":[{"count":25,"href":"https:\/\/sindcomerciosl.com.br\/portal\/wp-json\/wp\/v2\/pages\/136\/revisions"}],"predecessor-version":[{"id":2271,"href":"https:\/\/sindcomerciosl.com.br\/portal\/wp-json\/wp\/v2\/pages\/136\/revisions\/2271"}],"wp:attachment":[{"href":"https:\/\/sindcomerciosl.com.br\/portal\/wp-json\/wp\/v2\/media?parent=136"}],"curies":[{"name":"wp","href":"https:\/\/api.w.org\/{rel}","templated":true}]}}