{"id":226,"date":"2018-07-04T15:31:55","date_gmt":"2018-07-04T18:31:55","guid":{"rendered":"http:\/\/institutoodontofacial.com.br\/?page_id=226"},"modified":"2023-02-07T14:43:42","modified_gmt":"2023-02-07T17:43:42","slug":"fale-conosco","status":"publish","type":"page","link":"https:\/\/sindcomerciosl.com.br\/portal\/fale-conosco\/","title":{"rendered":"Fale Conosco"},"content":{"rendered":"<div class=\"wpb-content-wrapper\"><p>[vc_row css=&#8221;.vc_custom_1534790344549{margin-bottom: 60px !important;}&#8221;][vc_column][vc_row_inner][vc_column_inner width=&#8221;2\/3&#8243;][vc_custom_heading text=&#8221;<strong>Envie-nos sua mensagem<\/strong>&#8221; font_container=&#8221;tag:h2|text_align:left|color:%23203f81&#8243; use_theme_fonts=&#8221;yes&#8221;][vc_column_text]Tem alguma d\u00favida, sugest\u00e3o, reclama\u00e7\u00e3o ou elogio que queira nos mandar? Preencha os campos abaixo. N\u00f3s responderemos em breve![\/vc_column_text]\n<div class=\"wpcf7 no-js\" id=\"wpcf7-f243-o1\" lang=\"pt-BR\" dir=\"ltr\" data-wpcf7-id=\"243\">\n<div class=\"screen-reader-response\"><p role=\"status\" aria-live=\"polite\" aria-atomic=\"true\"><\/p> <ul><\/ul><\/div>\n<form action=\"\/portal\/wp-json\/wp\/v2\/pages\/226#wpcf7-f243-o1\" method=\"post\" class=\"wpcf7-form init\" aria-label=\"Formul\u00e1rios de contato\" novalidate=\"novalidate\" data-status=\"init\">\n<div style=\"display: none;\">\n<input type=\"hidden\" name=\"_wpcf7\" value=\"243\" \/>\n<input type=\"hidden\" name=\"_wpcf7_version\" value=\"6.0.6\" \/>\n<input type=\"hidden\" name=\"_wpcf7_locale\" value=\"pt_BR\" \/>\n<input type=\"hidden\" name=\"_wpcf7_unit_tag\" value=\"wpcf7-f243-o1\" \/>\n<input type=\"hidden\" name=\"_wpcf7_container_post\" value=\"0\" \/>\n<input type=\"hidden\" name=\"_wpcf7_posted_data_hash\" value=\"\" \/>\n<\/div>\n<div class=\"wpb_row vc_row-fluid\">\n\t<div class=\"wpb_column vc_column_container vc_col-sm-12 vc_col-has-fill\">\n\t\t<p><span class=\"wpcf7-form-control-wrap\" data-name=\"nome\"><input size=\"40\" maxlength=\"400\" class=\"wpcf7-form-control wpcf7-text wpcf7-validates-as-required\" aria-required=\"true\" aria-invalid=\"false\" placeholder=\"Nome\" value=\"\" type=\"text\" name=\"nome\" \/><\/span>\n\t\t<\/p>\n\t<\/div>\n<\/div>\n<div class=\"wpb_row vc_row-fluid\">\n\t<div class=\"wpb_column vc_column_container vc_col-sm-6 vc_col-has-fill\">\n\t\t<p><span class=\"wpcf7-form-control-wrap\" data-name=\"email\"><input size=\"40\" maxlength=\"400\" class=\"wpcf7-form-control wpcf7-email wpcf7-validates-as-required wpcf7-text wpcf7-validates-as-email\" aria-required=\"true\" aria-invalid=\"false\" placeholder=\"Email\" value=\"\" type=\"email\" name=\"email\" \/><\/span>\n\t\t<\/p>\n\t<\/div>\n\t<div class=\"wpb_column vc_column_container vc_col-sm-6 vc_col-has-fill\">\n\t\t<p><span class=\"wpcf7-form-control-wrap\" data-name=\"telefone\"><input size=\"40\" maxlength=\"400\" class=\"wpcf7-form-control wpcf7-text wpcf7-validates-as-required\" aria-required=\"true\" aria-invalid=\"false\" placeholder=\"Telefone\" value=\"\" type=\"text\" name=\"telefone\" \/><\/span>\n\t\t<\/p>\n\t<\/div>\n<\/div>\n<div class=\"wpb_row vc_row-fluid\">\n\t<div class=\"wpb_column vc_column_container vc_col-sm-6 vc_col-has-fill\">\n\t\t<p><span class=\"wpcf7-form-control-wrap\" data-name=\"cidade\"><input size=\"40\" maxlength=\"400\" class=\"wpcf7-form-control wpcf7-text wpcf7-validates-as-required\" aria-required=\"true\" aria-invalid=\"false\" placeholder=\"Cidade\" value=\"\" type=\"text\" name=\"cidade\" \/><\/span>\n\t\t<\/p>\n\t<\/div>\n\t<div class=\"wpb_column vc_column_container vc_col-sm-6 vc_col-has-fill\">\n\t\t<p><span class=\"wpcf7-form-control-wrap\" data-name=\"assunto\"><input size=\"40\" maxlength=\"400\" class=\"wpcf7-form-control wpcf7-text wpcf7-validates-as-required\" aria-required=\"true\" aria-invalid=\"false\" placeholder=\"Assunto\" value=\"\" type=\"text\" name=\"assunto\" \/><\/span>\n\t\t<\/p>\n\t<\/div>\n<\/div>\n<div class=\"wpb_row vc_row-fluid\">\n\t<div class=\"wpb_column vc_column_container vc_col-sm-12 vc_col-has-fill\">\n\t\t<p><span class=\"wpcf7-form-control-wrap\" data-name=\"mensagem\"><textarea cols=\"40\" rows=\"10\" maxlength=\"2000\" class=\"wpcf7-form-control wpcf7-textarea\" aria-invalid=\"false\" placeholder=\"Mensagem\" name=\"mensagem\"><\/textarea><\/span>\n\t\t<\/p>\n\t<\/div>\n<\/div>\n<div class=\"wpb_row vc_row-fluid\">\n\t<div class=\"wpb_column vc_column_container vc_col-sm-12 vc_col-has-fill\">\n\t\t<p><input class=\"wpcf7-form-control wpcf7-submit has-spinner\" type=\"submit\" value=\"ENVIAR MENSAGEM\" \/>\n\t\t<\/p>\n\t<\/div>\n<\/div><p style=\"display: none !important;\" class=\"akismet-fields-container\" data-prefix=\"_wpcf7_ak_\"><label>&#916;<textarea name=\"_wpcf7_ak_hp_textarea\" cols=\"45\" rows=\"8\" maxlength=\"100\"><\/textarea><\/label><input type=\"hidden\" id=\"ak_js_1\" name=\"_wpcf7_ak_js\" value=\"245\"\/><script>document.getElementById( \"ak_js_1\" ).setAttribute( \"value\", ( new Date() ).getTime() );<\/script><\/p><div class=\"wpcf7-response-output\" aria-hidden=\"true\"><\/div>\n<\/form>\n<\/div>\n[\/vc_column_inner][vc_column_inner width=&#8221;1\/3&#8243;][vc_raw_html]JTNDZGl2JTIwY2xhc3MlM0QlMjJtYXAtY29udGVudCUyMiUzRSUwQSUzQ2RpdiUyMGNsYXNzJTNEJTIydmNfcm93JTIyJTNDJTJGZGl2JTNFJTBBJTNDZGl2JTIwY2xhc3MlM0QlMjJ2Y19jb2wtbWQtMTIlMjIlM0UlMEElM0NoNSUzRUNvbnRhdG9zJTNDJTJGaDUlM0UlMEElMEElM0NwJTNFJTI4MzElMjklMjAzNzc0LTQxODYlM0MlMkZwJTNFJTBBJTNDcCUzRWNvbXVuaWNhY2FvJTQwc2luZGNvbWVyY2lvc2wuY29tLmJyJTNDJTJGcCUzRSUwQSUzQyUyRmJyJTNFJTBBJTNDaDUlM0VFbmRlcmUlQzMlQTdvJTNDJTJGaDUlM0UlMEElMEElM0NwJTNFRWRpZiVDMyVBRGNpbyUyMExpYmVyZGFkZSUyMC0lMjBSLiUyMFNyLiUyMGRvcyUyMFBhc3NvcyUyQyUyMDI3OCUwQVNhbGFzJTIwMjAxJTJGMjAyJTIwLSUyMENlbnRybyUwQVNldGUlMjBMYWdvYXMlMjAtJTIwTUclMkMlMjAzNTcwMC0wMTYlM0MlMkZwJTNFJTBBJTNDJTJGYnIlM0UlMEElM0NoNSUzRUhvciVDMyVBMXJpbyUyMGRlJTIwRnVuY2lvbmFtZW50byUzQyUyRmg1JTNFJTBBJTNDcCUzRVNlZ3VuZGElMjAtJTIwU2V4dGElM0ElMjAwOGglMjAlQzMlQTBzJTIwMThoJTNDJTJGcCUzRSUzQyUyRmRpdiUzRSUwQSUzQyUyRmRpdiUzRQ==[\/vc_raw_html][\/vc_column_inner][\/vc_row_inner][\/vc_column][\/vc_row]<\/p>\n<\/div>","protected":false},"excerpt":{"rendered":"<p>[vc_row css=&#8221;.vc_custom_1534790344549{margin-bottom: 60px !important;}&#8221;][vc_column][vc_row_inner][vc_column_inner width=&#8221;2\/3&#8243;][vc_custom_heading text=&#8221;Envie-nos sua mensagem&#8221; font_container=&#8221;tag:h2|text_align:left|color:%23203f81&#8243; use_theme_fonts=&#8221;yes&#8221;][vc_column_text]Tem alguma d\u00favida, sugest\u00e3o, reclama\u00e7\u00e3o ou elogio que queira nos mandar? Preencha os campos abaixo. N\u00f3s responderemos em breve![\/vc_column_text][\/vc_column_inner][vc_column_inner width=&#8221;1\/3&#8243;][vc_raw_html]JTNDZGl2JTIwY2xhc3MlM0QlMjJtYXAtY29udGVudCUyMiUzRSUwQSUzQ2RpdiUyMGNsYXNzJTNEJTIydmNfcm93JTIyJTNDJTJGZGl2JTNFJTBBJTNDZGl2JTIwY2xhc3MlM0QlMjJ2Y19jb2wtbWQtMTIlMjIlM0UlMEElM0NoNSUzRUNvbnRhdG9zJTNDJTJGaDUlM0UlMEElMEElM0NwJTNFJTI4MzElMjklMjAzNzc0LTQxODYlM0MlMkZwJTNFJTBBJTNDcCUzRWNvbXVuaWNhY2FvJTQwc2luZGNvbWVyY2lvc2wuY29tLmJyJTNDJTJGcCUzRSUwQSUzQyUyRmJyJTNFJTBBJTNDaDUlM0VFbmRlcmUlQzMlQTdvJTNDJTJGaDUlM0UlMEElMEElM0NwJTNFRWRpZiVDMyVBRGNpbyUyMExpYmVyZGFkZSUyMC0lMjBSLiUyMFNyLiUyMGRvcyUyMFBhc3NvcyUyQyUyMDI3OCUwQVNhbGFzJTIwMjAxJTJGMjAyJTIwLSUyMENlbnRybyUwQVNldGUlMjBMYWdvYXMlMjAtJTIwTUclMkMlMjAzNTcwMC0wMTYlM0MlMkZwJTNFJTBBJTNDJTJGYnIlM0UlMEElM0NoNSUzRUhvciVDMyVBMXJpbyUyMGRlJTIwRnVuY2lvbmFtZW50byUzQyUyRmg1JTNFJTBBJTNDcCUzRVNlZ3VuZGElMjAtJTIwU2V4dGElM0ElMjAwOGglMjAlQzMlQTBzJTIwMThoJTNDJTJGcCUzRSUzQyUyRmRpdiUzRSUwQSUzQyUyRmRpdiUzRQ==[\/vc_raw_html][\/vc_column_inner][\/vc_row_inner][\/vc_column][\/vc_row]<\/p>\n","protected":false},"author":1,"featured_media":0,"parent":0,"menu_order":0,"comment_status":"closed","ping_status":"closed","template":"page-pagebuilder-title.php","meta":{"ngg_post_thumbnail":0,"_joinchat":[],"footnotes":""},"class_list":["post-226","page","type-page","status-publish","hentry"],"yoast_head":"<!-- This site is optimized with the Yoast SEO plugin v26.9 - https:\/\/yoast.com\/product\/yoast-seo-wordpress\/ -->\n<title>Fale Conosco | SindCom\u00e9rcio<\/title>\n<meta name=\"description\" content=\"Tem alguma d\u00favida, sugest\u00e3o, reclama\u00e7\u00e3o ou elogio que queira nos mandar? Preencha os campos abaixo. N\u00f3s responderemos em\" \/>\n<meta name=\"robots\" content=\"index, follow, max-snippet:-1, max-image-preview:large, max-video-preview:-1\" \/>\n<link rel=\"canonical\" href=\"https:\/\/sindcomerciosl.com.br\/portal\/fale-conosco\/\" \/>\n<meta property=\"og:locale\" content=\"pt_BR\" \/>\n<meta property=\"og:type\" content=\"article\" \/>\n<meta property=\"og:title\" content=\"Fale Conosco | SindCom\u00e9rcio\" \/>\n<meta property=\"og:description\" content=\"Tem alguma d\u00favida, sugest\u00e3o, reclama\u00e7\u00e3o ou elogio que queira nos mandar? Preencha os campos abaixo. N\u00f3s responderemos em\" \/>\n<meta property=\"og:url\" content=\"https:\/\/sindcomerciosl.com.br\/portal\/fale-conosco\/\" \/>\n<meta property=\"og:site_name\" content=\"SindCom\u00e9rcio\" \/>\n<meta property=\"article:modified_time\" content=\"2023-02-07T17:43:42+00:00\" \/>\n<meta name=\"twitter:card\" content=\"summary_large_image\" \/>\n<meta name=\"twitter:label1\" content=\"Est. tempo de leitura\" \/>\n\t<meta name=\"twitter:data1\" content=\"1 minuto\" \/>\n<script type=\"application\/ld+json\" class=\"yoast-schema-graph\">{\"@context\":\"https:\/\/schema.org\",\"@graph\":[{\"@type\":\"WebPage\",\"@id\":\"https:\/\/sindcomerciosl.com.br\/portal\/fale-conosco\/\",\"url\":\"https:\/\/sindcomerciosl.com.br\/portal\/fale-conosco\/\",\"name\":\"Fale Conosco | SindCom\u00e9rcio\",\"isPartOf\":{\"@id\":\"https:\/\/sindcomerciosl.com.br\/portal\/#website\"},\"datePublished\":\"2018-07-04T18:31:55+00:00\",\"dateModified\":\"2023-02-07T17:43:42+00:00\",\"description\":\"Tem alguma d\u00favida, sugest\u00e3o, reclama\u00e7\u00e3o ou elogio que queira nos mandar? Preencha os campos abaixo. N\u00f3s responderemos em\",\"breadcrumb\":{\"@id\":\"https:\/\/sindcomerciosl.com.br\/portal\/fale-conosco\/#breadcrumb\"},\"inLanguage\":\"pt-BR\",\"potentialAction\":[{\"@type\":\"ReadAction\",\"target\":[\"https:\/\/sindcomerciosl.com.br\/portal\/fale-conosco\/\"]}]},{\"@type\":\"BreadcrumbList\",\"@id\":\"https:\/\/sindcomerciosl.com.br\/portal\/fale-conosco\/#breadcrumb\",\"itemListElement\":[{\"@type\":\"ListItem\",\"position\":1,\"name\":\"In\u00edcio\",\"item\":\"https:\/\/sindcomerciosl.com.br\/portal\/\"},{\"@type\":\"ListItem\",\"position\":2,\"name\":\"Fale Conosco\"}]},{\"@type\":\"WebSite\",\"@id\":\"https:\/\/sindcomerciosl.com.br\/portal\/#website\",\"url\":\"https:\/\/sindcomerciosl.com.br\/portal\/\",\"name\":\"SindCom\u00e9rcio\",\"description\":\"\",\"publisher\":{\"@id\":\"https:\/\/sindcomerciosl.com.br\/portal\/#organization\"},\"potentialAction\":[{\"@type\":\"SearchAction\",\"target\":{\"@type\":\"EntryPoint\",\"urlTemplate\":\"https:\/\/sindcomerciosl.com.br\/portal\/?s={search_term_string}\"},\"query-input\":{\"@type\":\"PropertyValueSpecification\",\"valueRequired\":true,\"valueName\":\"search_term_string\"}}],\"inLanguage\":\"pt-BR\"},{\"@type\":\"Organization\",\"@id\":\"https:\/\/sindcomerciosl.com.br\/portal\/#organization\",\"name\":\"Sindcom\u00e9rcio de Sete Lagoas\",\"url\":\"https:\/\/sindcomerciosl.com.br\/portal\/\",\"logo\":{\"@type\":\"ImageObject\",\"inLanguage\":\"pt-BR\",\"@id\":\"https:\/\/sindcomerciosl.com.br\/portal\/#\/schema\/logo\/image\/\",\"url\":\"https:\/\/sindcomerciosl.com.br\/portal\/wp-content\/uploads\/2018\/07\/logo-sindcomercio-mobile.png\",\"contentUrl\":\"https:\/\/sindcomerciosl.com.br\/portal\/wp-content\/uploads\/2018\/07\/logo-sindcomercio-mobile.png\",\"width\":140,\"height\":48,\"caption\":\"Sindcom\u00e9rcio de Sete Lagoas\"},\"image\":{\"@id\":\"https:\/\/sindcomerciosl.com.br\/portal\/#\/schema\/logo\/image\/\"}}]}<\/script>\n<!-- \/ Yoast SEO plugin. -->","yoast_head_json":{"title":"Fale Conosco | SindCom\u00e9rcio","description":"Tem alguma d\u00favida, sugest\u00e3o, reclama\u00e7\u00e3o ou elogio que queira nos mandar? Preencha os campos abaixo. N\u00f3s responderemos em","robots":{"index":"index","follow":"follow","max-snippet":"max-snippet:-1","max-image-preview":"max-image-preview:large","max-video-preview":"max-video-preview:-1"},"canonical":"https:\/\/sindcomerciosl.com.br\/portal\/fale-conosco\/","og_locale":"pt_BR","og_type":"article","og_title":"Fale Conosco | SindCom\u00e9rcio","og_description":"Tem alguma d\u00favida, sugest\u00e3o, reclama\u00e7\u00e3o ou elogio que queira nos mandar? Preencha os campos abaixo. N\u00f3s responderemos em","og_url":"https:\/\/sindcomerciosl.com.br\/portal\/fale-conosco\/","og_site_name":"SindCom\u00e9rcio","article_modified_time":"2023-02-07T17:43:42+00:00","twitter_card":"summary_large_image","twitter_misc":{"Est. tempo de leitura":"1 minuto"},"schema":{"@context":"https:\/\/schema.org","@graph":[{"@type":"WebPage","@id":"https:\/\/sindcomerciosl.com.br\/portal\/fale-conosco\/","url":"https:\/\/sindcomerciosl.com.br\/portal\/fale-conosco\/","name":"Fale Conosco | SindCom\u00e9rcio","isPartOf":{"@id":"https:\/\/sindcomerciosl.com.br\/portal\/#website"},"datePublished":"2018-07-04T18:31:55+00:00","dateModified":"2023-02-07T17:43:42+00:00","description":"Tem alguma d\u00favida, sugest\u00e3o, reclama\u00e7\u00e3o ou elogio que queira nos mandar? Preencha os campos abaixo. N\u00f3s responderemos em","breadcrumb":{"@id":"https:\/\/sindcomerciosl.com.br\/portal\/fale-conosco\/#breadcrumb"},"inLanguage":"pt-BR","potentialAction":[{"@type":"ReadAction","target":["https:\/\/sindcomerciosl.com.br\/portal\/fale-conosco\/"]}]},{"@type":"BreadcrumbList","@id":"https:\/\/sindcomerciosl.com.br\/portal\/fale-conosco\/#breadcrumb","itemListElement":[{"@type":"ListItem","position":1,"name":"In\u00edcio","item":"https:\/\/sindcomerciosl.com.br\/portal\/"},{"@type":"ListItem","position":2,"name":"Fale Conosco"}]},{"@type":"WebSite","@id":"https:\/\/sindcomerciosl.com.br\/portal\/#website","url":"https:\/\/sindcomerciosl.com.br\/portal\/","name":"SindCom\u00e9rcio","description":"","publisher":{"@id":"https:\/\/sindcomerciosl.com.br\/portal\/#organization"},"potentialAction":[{"@type":"SearchAction","target":{"@type":"EntryPoint","urlTemplate":"https:\/\/sindcomerciosl.com.br\/portal\/?s={search_term_string}"},"query-input":{"@type":"PropertyValueSpecification","valueRequired":true,"valueName":"search_term_string"}}],"inLanguage":"pt-BR"},{"@type":"Organization","@id":"https:\/\/sindcomerciosl.com.br\/portal\/#organization","name":"Sindcom\u00e9rcio de Sete Lagoas","url":"https:\/\/sindcomerciosl.com.br\/portal\/","logo":{"@type":"ImageObject","inLanguage":"pt-BR","@id":"https:\/\/sindcomerciosl.com.br\/portal\/#\/schema\/logo\/image\/","url":"https:\/\/sindcomerciosl.com.br\/portal\/wp-content\/uploads\/2018\/07\/logo-sindcomercio-mobile.png","contentUrl":"https:\/\/sindcomerciosl.com.br\/portal\/wp-content\/uploads\/2018\/07\/logo-sindcomercio-mobile.png","width":140,"height":48,"caption":"Sindcom\u00e9rcio de Sete Lagoas"},"image":{"@id":"https:\/\/sindcomerciosl.com.br\/portal\/#\/schema\/logo\/image\/"}}]}},"_links":{"self":[{"href":"https:\/\/sindcomerciosl.com.br\/portal\/wp-json\/wp\/v2\/pages\/226","targetHints":{"allow":["GET"]}}],"collection":[{"href":"https:\/\/sindcomerciosl.com.br\/portal\/wp-json\/wp\/v2\/pages"}],"about":[{"href":"https:\/\/sindcomerciosl.com.br\/portal\/wp-json\/wp\/v2\/types\/page"}],"author":[{"embeddable":true,"href":"https:\/\/sindcomerciosl.com.br\/portal\/wp-json\/wp\/v2\/users\/1"}],"replies":[{"embeddable":true,"href":"https:\/\/sindcomerciosl.com.br\/portal\/wp-json\/wp\/v2\/comments?post=226"}],"version-history":[{"count":21,"href":"https:\/\/sindcomerciosl.com.br\/portal\/wp-json\/wp\/v2\/pages\/226\/revisions"}],"predecessor-version":[{"id":1938,"href":"https:\/\/sindcomerciosl.com.br\/portal\/wp-json\/wp\/v2\/pages\/226\/revisions\/1938"}],"wp:attachment":[{"href":"https:\/\/sindcomerciosl.com.br\/portal\/wp-json\/wp\/v2\/media?parent=226"}],"curies":[{"name":"wp","href":"https:\/\/api.w.org\/{rel}","templated":true}]}}