{"id":345,"date":"2018-07-09T16:51:07","date_gmt":"2018-07-09T19:51:07","guid":{"rendered":"http:\/\/institutoodontofacial.com.br\/?page_id=345"},"modified":"2018-08-20T15:39:52","modified_gmt":"2018-08-20T18:39:52","slug":"contribuicao-confederativa","status":"publish","type":"page","link":"https:\/\/sindcomerciosl.com.br\/portal\/contribuicao-confederativa\/","title":{"rendered":"Contribui\u00e7\u00e3o Confederativa"},"content":{"rendered":"<div class=\"wpb-content-wrapper\"><p>[vc_row css=&#8221;.vc_custom_1531241238772{margin-top: 30px !important;margin-bottom: 40px !important;}&#8221;][vc_column][vc_row_inner][vc_column_inner width=&#8221;3\/4&#8243;]<div class=\"td_block_wrap td_block_image_box td_uid_1_69ea2d3bd5fe4_rand td-image-box-style-2 td-pb-border-top td_block_template_8\"  data-td-block-uid=\"td_uid_1_69ea2d3bd5fe4\" >\n<style>\n\n\/* custom css *\/\n.td_uid_1_69ea2d3bd5fe4_rand.td_block_image_box div .td-custom-image a {\r\n\t\t\t\t\theight: 200px;\r\n\t\t\t\t}\n<\/style><div class=\"td-block-title-wrap\"><\/div><div class=\"td-image-box-row td-big-image\"><div class=\"td-image-box-span\"><div class=\"td-custom\"><div class=\"td-custom-image\"><a style=\"background-image: url('https:\/\/sindcomerciosl.com.br\/portal\/wp-content\/uploads\/2018\/07\/banner-contrib.confederativa1.png');\" href=\"http:\/\/www.fecomerciomg.org.br\/contribuicaoconfederativa\/\"  target=\"_blank\"  rel=\"bookmark\" title=\"\"><\/a><\/div><div class=\"td-custom-title\"><h3 class=\"entry-title\"><a href=\"http:\/\/www.fecomerciomg.org.br\/contribuicaoconfederativa\/\"><\/a><\/h3><\/div><\/div><\/div><\/div><\/div>[vc_empty_space height=&#8221;5px&#8221;][vc_column_text]Contribui\u00e7\u00e3o Confederativa \u00e9 uma obriga\u00e7\u00e3o prevista na Constitui\u00e7\u00e3o Federal (artigo 8\u00ba), para o custeio do Sistema Confederativo Sindical. \u00c9 devida por todas as pessoas jur\u00eddicas, aut\u00f4nomos, profissionais liberais e empregados, e deve ser recolhida aos respectivos sindicatos da categoria em que se enquadram.[\/vc_column_text][vc_btn title=&#8221;Emitir Guia&#8221; style=&#8221;custom&#8221; custom_background=&#8221;#aa8607&#8243; custom_text=&#8221;#ffffff&#8221; size=&#8221;lg&#8221; link=&#8221;url:http%3A%2F%2Fwww.fecomerciomg.org.br%2Fcontribuicaosindical%2F||target:%20_blank|&#8221;][\/vc_column_inner][vc_column_inner width=&#8221;1\/4&#8243;][vc_widget_sidebar sidebar_id=&#8221;td-footer-1&#8243;][\/vc_column_inner][\/vc_row_inner][\/vc_column][\/vc_row]<\/p>\n<\/div>","protected":false},"excerpt":{"rendered":"<p>[vc_row css=&#8221;.vc_custom_1531241238772{margin-top: 30px !important;margin-bottom: 40px !important;}&#8221;][vc_column][vc_row_inner][vc_column_inner width=&#8221;3\/4&#8243;][vc_empty_space height=&#8221;5px&#8221;][vc_column_text]Contribui\u00e7\u00e3o Confederativa \u00e9 uma obriga\u00e7\u00e3o prevista na Constitui\u00e7\u00e3o Federal (artigo 8\u00ba), para o custeio do Sistema Confederativo Sindical. \u00c9 devida por todas as pessoas jur\u00eddicas, aut\u00f4nomos, profissionais liberais e empregados, e deve ser recolhida aos respectivos sindicatos da categoria em que se enquadram.[\/vc_column_text][vc_btn title=&#8221;Emitir Guia&#8221; style=&#8221;custom&#8221; custom_background=&#8221;#aa8607&#8243; custom_text=&#8221;#ffffff&#8221; [&hellip;]<\/p>\n","protected":false},"author":1,"featured_media":0,"parent":0,"menu_order":0,"comment_status":"closed","ping_status":"closed","template":"page-pagebuilder-title.php","meta":{"ngg_post_thumbnail":0,"_joinchat":[],"footnotes":""},"class_list":["post-345","page","type-page","status-publish","hentry"],"yoast_head":"<!-- This site is optimized with the Yoast SEO plugin v26.9 - https:\/\/yoast.com\/product\/yoast-seo-wordpress\/ -->\n<title>Contribui\u00e7\u00e3o Confederativa | SindCom\u00e9rcio<\/title>\n<meta name=\"description\" content=\"Contribui\u00e7\u00e3o Confederativa \u00e9 uma obriga\u00e7\u00e3o prevista na Constitui\u00e7\u00e3o Federal (artigo 8\u00ba), para o custeio do Sistema Confederativo Sindical. \u00c9 devida por\" \/>\n<meta name=\"robots\" content=\"index, follow, max-snippet:-1, max-image-preview:large, max-video-preview:-1\" \/>\n<link rel=\"canonical\" href=\"https:\/\/sindcomerciosl.com.br\/portal\/contribuicao-confederativa\/\" \/>\n<meta property=\"og:locale\" content=\"pt_BR\" \/>\n<meta property=\"og:type\" content=\"article\" \/>\n<meta property=\"og:title\" content=\"Contribui\u00e7\u00e3o Confederativa | SindCom\u00e9rcio\" \/>\n<meta property=\"og:description\" content=\"Contribui\u00e7\u00e3o Confederativa \u00e9 uma obriga\u00e7\u00e3o prevista na Constitui\u00e7\u00e3o Federal (artigo 8\u00ba), para o custeio do Sistema Confederativo Sindical. \u00c9 devida por\" \/>\n<meta property=\"og:url\" content=\"https:\/\/sindcomerciosl.com.br\/portal\/contribuicao-confederativa\/\" \/>\n<meta property=\"og:site_name\" content=\"SindCom\u00e9rcio\" \/>\n<meta property=\"article:modified_time\" content=\"2018-08-20T18:39:52+00:00\" \/>\n<meta name=\"twitter:card\" content=\"summary_large_image\" \/>\n<meta name=\"twitter:label1\" content=\"Est. tempo de leitura\" \/>\n\t<meta name=\"twitter:data1\" content=\"1 minuto\" \/>\n<script type=\"application\/ld+json\" class=\"yoast-schema-graph\">{\"@context\":\"https:\/\/schema.org\",\"@graph\":[{\"@type\":\"WebPage\",\"@id\":\"https:\/\/sindcomerciosl.com.br\/portal\/contribuicao-confederativa\/\",\"url\":\"https:\/\/sindcomerciosl.com.br\/portal\/contribuicao-confederativa\/\",\"name\":\"Contribui\u00e7\u00e3o Confederativa | SindCom\u00e9rcio\",\"isPartOf\":{\"@id\":\"https:\/\/sindcomerciosl.com.br\/portal\/#website\"},\"datePublished\":\"2018-07-09T19:51:07+00:00\",\"dateModified\":\"2018-08-20T18:39:52+00:00\",\"description\":\"Contribui\u00e7\u00e3o Confederativa \u00e9 uma obriga\u00e7\u00e3o prevista na Constitui\u00e7\u00e3o Federal (artigo 8\u00ba), para o custeio do Sistema Confederativo Sindical. \u00c9 devida por\",\"breadcrumb\":{\"@id\":\"https:\/\/sindcomerciosl.com.br\/portal\/contribuicao-confederativa\/#breadcrumb\"},\"inLanguage\":\"pt-BR\",\"potentialAction\":[{\"@type\":\"ReadAction\",\"target\":[\"https:\/\/sindcomerciosl.com.br\/portal\/contribuicao-confederativa\/\"]}]},{\"@type\":\"BreadcrumbList\",\"@id\":\"https:\/\/sindcomerciosl.com.br\/portal\/contribuicao-confederativa\/#breadcrumb\",\"itemListElement\":[{\"@type\":\"ListItem\",\"position\":1,\"name\":\"In\u00edcio\",\"item\":\"https:\/\/sindcomerciosl.com.br\/portal\/\"},{\"@type\":\"ListItem\",\"position\":2,\"name\":\"Contribui\u00e7\u00e3o Confederativa\"}]},{\"@type\":\"WebSite\",\"@id\":\"https:\/\/sindcomerciosl.com.br\/portal\/#website\",\"url\":\"https:\/\/sindcomerciosl.com.br\/portal\/\",\"name\":\"SindCom\u00e9rcio\",\"description\":\"\",\"publisher\":{\"@id\":\"https:\/\/sindcomerciosl.com.br\/portal\/#organization\"},\"potentialAction\":[{\"@type\":\"SearchAction\",\"target\":{\"@type\":\"EntryPoint\",\"urlTemplate\":\"https:\/\/sindcomerciosl.com.br\/portal\/?s={search_term_string}\"},\"query-input\":{\"@type\":\"PropertyValueSpecification\",\"valueRequired\":true,\"valueName\":\"search_term_string\"}}],\"inLanguage\":\"pt-BR\"},{\"@type\":\"Organization\",\"@id\":\"https:\/\/sindcomerciosl.com.br\/portal\/#organization\",\"name\":\"Sindcom\u00e9rcio de Sete Lagoas\",\"url\":\"https:\/\/sindcomerciosl.com.br\/portal\/\",\"logo\":{\"@type\":\"ImageObject\",\"inLanguage\":\"pt-BR\",\"@id\":\"https:\/\/sindcomerciosl.com.br\/portal\/#\/schema\/logo\/image\/\",\"url\":\"https:\/\/sindcomerciosl.com.br\/portal\/wp-content\/uploads\/2018\/07\/logo-sindcomercio-mobile.png\",\"contentUrl\":\"https:\/\/sindcomerciosl.com.br\/portal\/wp-content\/uploads\/2018\/07\/logo-sindcomercio-mobile.png\",\"width\":140,\"height\":48,\"caption\":\"Sindcom\u00e9rcio de Sete Lagoas\"},\"image\":{\"@id\":\"https:\/\/sindcomerciosl.com.br\/portal\/#\/schema\/logo\/image\/\"}}]}<\/script>\n<!-- \/ Yoast SEO plugin. -->","yoast_head_json":{"title":"Contribui\u00e7\u00e3o Confederativa | SindCom\u00e9rcio","description":"Contribui\u00e7\u00e3o Confederativa \u00e9 uma obriga\u00e7\u00e3o prevista na Constitui\u00e7\u00e3o Federal (artigo 8\u00ba), para o custeio do Sistema Confederativo Sindical. \u00c9 devida por","robots":{"index":"index","follow":"follow","max-snippet":"max-snippet:-1","max-image-preview":"max-image-preview:large","max-video-preview":"max-video-preview:-1"},"canonical":"https:\/\/sindcomerciosl.com.br\/portal\/contribuicao-confederativa\/","og_locale":"pt_BR","og_type":"article","og_title":"Contribui\u00e7\u00e3o Confederativa | SindCom\u00e9rcio","og_description":"Contribui\u00e7\u00e3o Confederativa \u00e9 uma obriga\u00e7\u00e3o prevista na Constitui\u00e7\u00e3o Federal (artigo 8\u00ba), para o custeio do Sistema Confederativo Sindical. \u00c9 devida por","og_url":"https:\/\/sindcomerciosl.com.br\/portal\/contribuicao-confederativa\/","og_site_name":"SindCom\u00e9rcio","article_modified_time":"2018-08-20T18:39:52+00:00","twitter_card":"summary_large_image","twitter_misc":{"Est. tempo de leitura":"1 minuto"},"schema":{"@context":"https:\/\/schema.org","@graph":[{"@type":"WebPage","@id":"https:\/\/sindcomerciosl.com.br\/portal\/contribuicao-confederativa\/","url":"https:\/\/sindcomerciosl.com.br\/portal\/contribuicao-confederativa\/","name":"Contribui\u00e7\u00e3o Confederativa | SindCom\u00e9rcio","isPartOf":{"@id":"https:\/\/sindcomerciosl.com.br\/portal\/#website"},"datePublished":"2018-07-09T19:51:07+00:00","dateModified":"2018-08-20T18:39:52+00:00","description":"Contribui\u00e7\u00e3o Confederativa \u00e9 uma obriga\u00e7\u00e3o prevista na Constitui\u00e7\u00e3o Federal (artigo 8\u00ba), para o custeio do Sistema Confederativo Sindical. \u00c9 devida por","breadcrumb":{"@id":"https:\/\/sindcomerciosl.com.br\/portal\/contribuicao-confederativa\/#breadcrumb"},"inLanguage":"pt-BR","potentialAction":[{"@type":"ReadAction","target":["https:\/\/sindcomerciosl.com.br\/portal\/contribuicao-confederativa\/"]}]},{"@type":"BreadcrumbList","@id":"https:\/\/sindcomerciosl.com.br\/portal\/contribuicao-confederativa\/#breadcrumb","itemListElement":[{"@type":"ListItem","position":1,"name":"In\u00edcio","item":"https:\/\/sindcomerciosl.com.br\/portal\/"},{"@type":"ListItem","position":2,"name":"Contribui\u00e7\u00e3o Confederativa"}]},{"@type":"WebSite","@id":"https:\/\/sindcomerciosl.com.br\/portal\/#website","url":"https:\/\/sindcomerciosl.com.br\/portal\/","name":"SindCom\u00e9rcio","description":"","publisher":{"@id":"https:\/\/sindcomerciosl.com.br\/portal\/#organization"},"potentialAction":[{"@type":"SearchAction","target":{"@type":"EntryPoint","urlTemplate":"https:\/\/sindcomerciosl.com.br\/portal\/?s={search_term_string}"},"query-input":{"@type":"PropertyValueSpecification","valueRequired":true,"valueName":"search_term_string"}}],"inLanguage":"pt-BR"},{"@type":"Organization","@id":"https:\/\/sindcomerciosl.com.br\/portal\/#organization","name":"Sindcom\u00e9rcio de Sete Lagoas","url":"https:\/\/sindcomerciosl.com.br\/portal\/","logo":{"@type":"ImageObject","inLanguage":"pt-BR","@id":"https:\/\/sindcomerciosl.com.br\/portal\/#\/schema\/logo\/image\/","url":"https:\/\/sindcomerciosl.com.br\/portal\/wp-content\/uploads\/2018\/07\/logo-sindcomercio-mobile.png","contentUrl":"https:\/\/sindcomerciosl.com.br\/portal\/wp-content\/uploads\/2018\/07\/logo-sindcomercio-mobile.png","width":140,"height":48,"caption":"Sindcom\u00e9rcio de Sete Lagoas"},"image":{"@id":"https:\/\/sindcomerciosl.com.br\/portal\/#\/schema\/logo\/image\/"}}]}},"_links":{"self":[{"href":"https:\/\/sindcomerciosl.com.br\/portal\/wp-json\/wp\/v2\/pages\/345","targetHints":{"allow":["GET"]}}],"collection":[{"href":"https:\/\/sindcomerciosl.com.br\/portal\/wp-json\/wp\/v2\/pages"}],"about":[{"href":"https:\/\/sindcomerciosl.com.br\/portal\/wp-json\/wp\/v2\/types\/page"}],"author":[{"embeddable":true,"href":"https:\/\/sindcomerciosl.com.br\/portal\/wp-json\/wp\/v2\/users\/1"}],"replies":[{"embeddable":true,"href":"https:\/\/sindcomerciosl.com.br\/portal\/wp-json\/wp\/v2\/comments?post=345"}],"version-history":[{"count":8,"href":"https:\/\/sindcomerciosl.com.br\/portal\/wp-json\/wp\/v2\/pages\/345\/revisions"}],"predecessor-version":[{"id":460,"href":"https:\/\/sindcomerciosl.com.br\/portal\/wp-json\/wp\/v2\/pages\/345\/revisions\/460"}],"wp:attachment":[{"href":"https:\/\/sindcomerciosl.com.br\/portal\/wp-json\/wp\/v2\/media?parent=345"}],"curies":[{"name":"wp","href":"https:\/\/api.w.org\/{rel}","templated":true}]}}