{"id":384,"date":"2018-07-10T13:48:04","date_gmt":"2018-07-10T16:48:04","guid":{"rendered":"http:\/\/institutoodontofacial.com.br\/?page_id=384"},"modified":"2018-08-20T15:40:28","modified_gmt":"2018-08-20T18:40:28","slug":"responsabilidade-social","status":"publish","type":"page","link":"https:\/\/sindcomerciosl.com.br\/portal\/responsabilidade-social\/","title":{"rendered":"Responsabilidade Social"},"content":{"rendered":"<div class=\"wpb-content-wrapper\"><p>[vc_row css=&#8221;.vc_custom_1531243099703{margin-top: 30px !important;margin-bottom: 50px !important;}&#8221;][vc_column][vc_row_inner][vc_column_inner width=&#8221;3\/4&#8243;]<div class=\"td_block_wrap td_block_image_box td_uid_1_69ea27b57e285_rand td-image-box-style-2 td-pb-border-top td_block_template_8\"  data-td-block-uid=\"td_uid_1_69ea27b57e285\" >\n<style>\n\n\/* custom css *\/\n.td_uid_1_69ea27b57e285_rand.td_block_image_box div .td-custom-image a {\r\n\t\t\t\t\theight: 200px;\r\n\t\t\t\t}\n<\/style><div class=\"td-block-title-wrap\"><\/div><div class=\"td-image-box-row td-big-image\"><div class=\"td-image-box-span\"><div class=\"td-custom\"><div class=\"td-custom-image td-no-img-custom-url\"><a style=\"background-image: url('https:\/\/sindcomerciosl.com.br\/portal\/wp-content\/uploads\/2018\/07\/banner-responsabilidade-social.png');\" href=\"#\"  rel=\"bookmark\" title=\"\"><\/a><\/div><div class=\"td-custom-title\"><h3 class=\"entry-title\"><a href=\"#\"><\/a><\/h3><\/div><\/div><\/div><\/div><\/div>[vc_empty_space height=&#8221;5px&#8221;][vc_column_text]Sindicato do Com\u00e9rcio de Sete Lagoas &#8211; Sindcom\u00e9rcio entende que sua miss\u00e3o vai muito al\u00e9m da representa\u00e7\u00e3o da classe empresarial, perpassando todas as quest\u00f5es que interferem na vida das pessoas e da cidade em que est\u00e1 instalado.<\/p>\n<p>Por isso, a entidade desenvolve de a\u00e7\u00f5es de responsabilidade social, para que possa gerar desenvolvimento e melhorar a vida de todos.<\/p>\n<p>Entre as a\u00e7\u00f5es se destaca a arrecada\u00e7\u00e3o de alimentos e produtos de higiene durante o F\u00f3rum Empresarial, realizado em Sete Lagoas em parceria com as Fecom\u00e9rcio Minas. Na ocasi\u00e3o, os donativos foram doados para o Asilo Vila Vicentina e para a Creche Ho\u00e1sis. Seguem abaixo outras a\u00e7\u00f5es:<\/p>\n<ul>\n<li>Parceria junto a prefeitura para a volta do Faixa Azul, estacionamento rotativo, para melhoria dos locais de estacionamento da cidade;<\/li>\n<li>Parceria com prefeitura, CDL e demais entidades locais na constru\u00e7\u00e3o do POV, posto policial na \u00e1rea central da cidade;<\/li>\n<li>Doa\u00e7\u00e3o de computadores usados para Vila Vicentina;<\/li>\n<li>Parceria com IDE Brasil: Arrecada\u00e7\u00e3o de leite para doa\u00e7\u00e3o \u00e0 APAE Sete Lagoas;<\/li>\n<li>Parceria com o Sesc Sete Lagoas: Dia Mundial do Combate \u00e0 AIDS.<\/li>\n<\/ul>\n<p>Tudo isso \u00e9 fruto do empenho do Sindcom\u00e9rcio Sete Lagoas em prol do crescimento de seus representados, bem como do desenvolvimento social e econ\u00f4mico da cidade.[\/vc_column_text][\/vc_column_inner][vc_column_inner width=&#8221;1\/4&#8243;][vc_widget_sidebar sidebar_id=&#8221;td-footer-1&#8243;][\/vc_column_inner][\/vc_row_inner][\/vc_column][\/vc_row]<\/p>\n<\/div>","protected":false},"excerpt":{"rendered":"<p>[vc_row css=&#8221;.vc_custom_1531243099703{margin-top: 30px !important;margin-bottom: 50px !important;}&#8221;][vc_column][vc_row_inner][vc_column_inner width=&#8221;3\/4&#8243;][vc_empty_space height=&#8221;5px&#8221;][vc_column_text]Sindicato do Com\u00e9rcio de Sete Lagoas &#8211; Sindcom\u00e9rcio entende que sua miss\u00e3o vai muito al\u00e9m da representa\u00e7\u00e3o da classe empresarial, perpassando todas as quest\u00f5es que interferem na vida das pessoas e da cidade em que est\u00e1 instalado. Por isso, a entidade desenvolve de a\u00e7\u00f5es de responsabilidade social, para [&hellip;]<\/p>\n","protected":false},"author":1,"featured_media":0,"parent":0,"menu_order":0,"comment_status":"closed","ping_status":"closed","template":"page-pagebuilder-title.php","meta":{"ngg_post_thumbnail":0,"_joinchat":[],"footnotes":""},"class_list":["post-384","page","type-page","status-publish","hentry"],"yoast_head":"<!-- This site is optimized with the Yoast SEO plugin v26.9 - https:\/\/yoast.com\/product\/yoast-seo-wordpress\/ -->\n<title>Responsabilidade Social | SindCom\u00e9rcio<\/title>\n<meta name=\"description\" content=\"Sindicato do Com\u00e9rcio de Sete Lagoas - Sindcom\u00e9rcio entende que sua miss\u00e3o vai muito al\u00e9m da representa\u00e7\u00e3o da classe empresarial, perpassando todas as\" \/>\n<meta name=\"robots\" content=\"index, follow, max-snippet:-1, max-image-preview:large, max-video-preview:-1\" \/>\n<link rel=\"canonical\" href=\"https:\/\/sindcomerciosl.com.br\/portal\/responsabilidade-social\/\" \/>\n<meta property=\"og:locale\" content=\"pt_BR\" \/>\n<meta property=\"og:type\" content=\"article\" \/>\n<meta property=\"og:title\" content=\"Responsabilidade Social | SindCom\u00e9rcio\" \/>\n<meta property=\"og:description\" content=\"Sindicato do Com\u00e9rcio de Sete Lagoas - Sindcom\u00e9rcio entende que sua miss\u00e3o vai muito al\u00e9m da representa\u00e7\u00e3o da classe empresarial, perpassando todas as\" \/>\n<meta property=\"og:url\" content=\"https:\/\/sindcomerciosl.com.br\/portal\/responsabilidade-social\/\" \/>\n<meta property=\"og:site_name\" content=\"SindCom\u00e9rcio\" \/>\n<meta property=\"article:modified_time\" content=\"2018-08-20T18:40:28+00:00\" \/>\n<meta name=\"twitter:card\" content=\"summary_large_image\" \/>\n<meta name=\"twitter:label1\" content=\"Est. tempo de leitura\" \/>\n\t<meta name=\"twitter:data1\" content=\"1 minuto\" \/>\n<script type=\"application\/ld+json\" class=\"yoast-schema-graph\">{\"@context\":\"https:\/\/schema.org\",\"@graph\":[{\"@type\":\"WebPage\",\"@id\":\"https:\/\/sindcomerciosl.com.br\/portal\/responsabilidade-social\/\",\"url\":\"https:\/\/sindcomerciosl.com.br\/portal\/responsabilidade-social\/\",\"name\":\"Responsabilidade Social | SindCom\u00e9rcio\",\"isPartOf\":{\"@id\":\"https:\/\/sindcomerciosl.com.br\/portal\/#website\"},\"datePublished\":\"2018-07-10T16:48:04+00:00\",\"dateModified\":\"2018-08-20T18:40:28+00:00\",\"description\":\"Sindicato do Com\u00e9rcio de Sete Lagoas - Sindcom\u00e9rcio entende que sua miss\u00e3o vai muito al\u00e9m da representa\u00e7\u00e3o da classe empresarial, perpassando todas as\",\"breadcrumb\":{\"@id\":\"https:\/\/sindcomerciosl.com.br\/portal\/responsabilidade-social\/#breadcrumb\"},\"inLanguage\":\"pt-BR\",\"potentialAction\":[{\"@type\":\"ReadAction\",\"target\":[\"https:\/\/sindcomerciosl.com.br\/portal\/responsabilidade-social\/\"]}]},{\"@type\":\"BreadcrumbList\",\"@id\":\"https:\/\/sindcomerciosl.com.br\/portal\/responsabilidade-social\/#breadcrumb\",\"itemListElement\":[{\"@type\":\"ListItem\",\"position\":1,\"name\":\"In\u00edcio\",\"item\":\"https:\/\/sindcomerciosl.com.br\/portal\/\"},{\"@type\":\"ListItem\",\"position\":2,\"name\":\"Responsabilidade Social\"}]},{\"@type\":\"WebSite\",\"@id\":\"https:\/\/sindcomerciosl.com.br\/portal\/#website\",\"url\":\"https:\/\/sindcomerciosl.com.br\/portal\/\",\"name\":\"SindCom\u00e9rcio\",\"description\":\"\",\"publisher\":{\"@id\":\"https:\/\/sindcomerciosl.com.br\/portal\/#organization\"},\"potentialAction\":[{\"@type\":\"SearchAction\",\"target\":{\"@type\":\"EntryPoint\",\"urlTemplate\":\"https:\/\/sindcomerciosl.com.br\/portal\/?s={search_term_string}\"},\"query-input\":{\"@type\":\"PropertyValueSpecification\",\"valueRequired\":true,\"valueName\":\"search_term_string\"}}],\"inLanguage\":\"pt-BR\"},{\"@type\":\"Organization\",\"@id\":\"https:\/\/sindcomerciosl.com.br\/portal\/#organization\",\"name\":\"Sindcom\u00e9rcio de Sete Lagoas\",\"url\":\"https:\/\/sindcomerciosl.com.br\/portal\/\",\"logo\":{\"@type\":\"ImageObject\",\"inLanguage\":\"pt-BR\",\"@id\":\"https:\/\/sindcomerciosl.com.br\/portal\/#\/schema\/logo\/image\/\",\"url\":\"https:\/\/sindcomerciosl.com.br\/portal\/wp-content\/uploads\/2018\/07\/logo-sindcomercio-mobile.png\",\"contentUrl\":\"https:\/\/sindcomerciosl.com.br\/portal\/wp-content\/uploads\/2018\/07\/logo-sindcomercio-mobile.png\",\"width\":140,\"height\":48,\"caption\":\"Sindcom\u00e9rcio de Sete Lagoas\"},\"image\":{\"@id\":\"https:\/\/sindcomerciosl.com.br\/portal\/#\/schema\/logo\/image\/\"}}]}<\/script>\n<!-- \/ Yoast SEO plugin. -->","yoast_head_json":{"title":"Responsabilidade Social | SindCom\u00e9rcio","description":"Sindicato do Com\u00e9rcio de Sete Lagoas - Sindcom\u00e9rcio entende que sua miss\u00e3o vai muito al\u00e9m da representa\u00e7\u00e3o da classe empresarial, perpassando todas as","robots":{"index":"index","follow":"follow","max-snippet":"max-snippet:-1","max-image-preview":"max-image-preview:large","max-video-preview":"max-video-preview:-1"},"canonical":"https:\/\/sindcomerciosl.com.br\/portal\/responsabilidade-social\/","og_locale":"pt_BR","og_type":"article","og_title":"Responsabilidade Social | SindCom\u00e9rcio","og_description":"Sindicato do Com\u00e9rcio de Sete Lagoas - Sindcom\u00e9rcio entende que sua miss\u00e3o vai muito al\u00e9m da representa\u00e7\u00e3o da classe empresarial, perpassando todas as","og_url":"https:\/\/sindcomerciosl.com.br\/portal\/responsabilidade-social\/","og_site_name":"SindCom\u00e9rcio","article_modified_time":"2018-08-20T18:40:28+00:00","twitter_card":"summary_large_image","twitter_misc":{"Est. tempo de leitura":"1 minuto"},"schema":{"@context":"https:\/\/schema.org","@graph":[{"@type":"WebPage","@id":"https:\/\/sindcomerciosl.com.br\/portal\/responsabilidade-social\/","url":"https:\/\/sindcomerciosl.com.br\/portal\/responsabilidade-social\/","name":"Responsabilidade Social | SindCom\u00e9rcio","isPartOf":{"@id":"https:\/\/sindcomerciosl.com.br\/portal\/#website"},"datePublished":"2018-07-10T16:48:04+00:00","dateModified":"2018-08-20T18:40:28+00:00","description":"Sindicato do Com\u00e9rcio de Sete Lagoas - Sindcom\u00e9rcio entende que sua miss\u00e3o vai muito al\u00e9m da representa\u00e7\u00e3o da classe empresarial, perpassando todas as","breadcrumb":{"@id":"https:\/\/sindcomerciosl.com.br\/portal\/responsabilidade-social\/#breadcrumb"},"inLanguage":"pt-BR","potentialAction":[{"@type":"ReadAction","target":["https:\/\/sindcomerciosl.com.br\/portal\/responsabilidade-social\/"]}]},{"@type":"BreadcrumbList","@id":"https:\/\/sindcomerciosl.com.br\/portal\/responsabilidade-social\/#breadcrumb","itemListElement":[{"@type":"ListItem","position":1,"name":"In\u00edcio","item":"https:\/\/sindcomerciosl.com.br\/portal\/"},{"@type":"ListItem","position":2,"name":"Responsabilidade Social"}]},{"@type":"WebSite","@id":"https:\/\/sindcomerciosl.com.br\/portal\/#website","url":"https:\/\/sindcomerciosl.com.br\/portal\/","name":"SindCom\u00e9rcio","description":"","publisher":{"@id":"https:\/\/sindcomerciosl.com.br\/portal\/#organization"},"potentialAction":[{"@type":"SearchAction","target":{"@type":"EntryPoint","urlTemplate":"https:\/\/sindcomerciosl.com.br\/portal\/?s={search_term_string}"},"query-input":{"@type":"PropertyValueSpecification","valueRequired":true,"valueName":"search_term_string"}}],"inLanguage":"pt-BR"},{"@type":"Organization","@id":"https:\/\/sindcomerciosl.com.br\/portal\/#organization","name":"Sindcom\u00e9rcio de Sete Lagoas","url":"https:\/\/sindcomerciosl.com.br\/portal\/","logo":{"@type":"ImageObject","inLanguage":"pt-BR","@id":"https:\/\/sindcomerciosl.com.br\/portal\/#\/schema\/logo\/image\/","url":"https:\/\/sindcomerciosl.com.br\/portal\/wp-content\/uploads\/2018\/07\/logo-sindcomercio-mobile.png","contentUrl":"https:\/\/sindcomerciosl.com.br\/portal\/wp-content\/uploads\/2018\/07\/logo-sindcomercio-mobile.png","width":140,"height":48,"caption":"Sindcom\u00e9rcio de Sete Lagoas"},"image":{"@id":"https:\/\/sindcomerciosl.com.br\/portal\/#\/schema\/logo\/image\/"}}]}},"_links":{"self":[{"href":"https:\/\/sindcomerciosl.com.br\/portal\/wp-json\/wp\/v2\/pages\/384","targetHints":{"allow":["GET"]}}],"collection":[{"href":"https:\/\/sindcomerciosl.com.br\/portal\/wp-json\/wp\/v2\/pages"}],"about":[{"href":"https:\/\/sindcomerciosl.com.br\/portal\/wp-json\/wp\/v2\/types\/page"}],"author":[{"embeddable":true,"href":"https:\/\/sindcomerciosl.com.br\/portal\/wp-json\/wp\/v2\/users\/1"}],"replies":[{"embeddable":true,"href":"https:\/\/sindcomerciosl.com.br\/portal\/wp-json\/wp\/v2\/comments?post=384"}],"version-history":[{"count":5,"href":"https:\/\/sindcomerciosl.com.br\/portal\/wp-json\/wp\/v2\/pages\/384\/revisions"}],"predecessor-version":[{"id":462,"href":"https:\/\/sindcomerciosl.com.br\/portal\/wp-json\/wp\/v2\/pages\/384\/revisions\/462"}],"wp:attachment":[{"href":"https:\/\/sindcomerciosl.com.br\/portal\/wp-json\/wp\/v2\/media?parent=384"}],"curies":[{"name":"wp","href":"https:\/\/api.w.org\/{rel}","templated":true}]}}