{"id":590,"date":"2018-09-05T17:42:04","date_gmt":"2018-09-05T20:42:04","guid":{"rendered":"https:\/\/sindcomerciosl.com.br\/portal\/?page_id=590"},"modified":"2024-03-05T17:57:36","modified_gmt":"2024-03-05T20:57:36","slug":"nossa-historia","status":"publish","type":"page","link":"https:\/\/sindcomerciosl.com.br\/portal\/nossa-historia\/","title":{"rendered":"Nossa Hist\u00f3ria"},"content":{"rendered":"<div class=\"wpb-content-wrapper\"><p>[vc_row css=&#8221;.vc_custom_1531236767322{margin-top: 40px !important;margin-bottom: 40px !important;}&#8221;][vc_column][vc_row_inner][vc_column_inner width=&#8221;3\/4&#8243;][vc_column_text]<span style=\"font-weight: 400;\">Em 21 de Julho de 1990, foi fundado o Sindicato do Com\u00e9rcio Varejista de Sete Lagoas. Com muito trabalho e uni\u00e3o, um grupo de comerciantes lojistas, interessados na supera\u00e7\u00e3o das dificuldades que afetavam o setor, na retomada do desenvolvimento empresarial e na promo\u00e7\u00e3o da integra\u00e7\u00e3o do segmento para o incremento e aprimoramento de seus neg\u00f3cios, definia os objetivos, organizava a estrutura do sindicato e estabelecia as a\u00e7\u00f5es necess\u00e1rias para a representatividade e integra\u00e7\u00e3o empresarial.<\/span><\/p>\n<p><span style=\"font-weight: 400;\">Atuando em sede pr\u00f3pria desde 1998, o Sindicato oferece servi\u00e7os de qualidade num amplo espa\u00e7o, aos seus associados, atrav\u00e9s do trabalho de seus colaboradores.<\/span><\/p>\n<p><span style=\"font-weight: 400;\">Visando acompanhar o processo r\u00e1pido de mudan\u00e7as pela qual vem passando o com\u00e9rcio, a dire\u00e7\u00e3o do Sindcom\u00e9rcio, decidiu reunir toda sua diretoria e estabelecer seu planejamento estrat\u00e9gico at\u00e9 o ano de 2020. <\/span><\/p>\n<p><span style=\"font-weight: 400;\">O planejamento estrat\u00e9gico \u00e9 uma ferramenta de gest\u00e3o na qual s\u00e3o definidos e divulgados os anseios de cada entidade, desde sua raz\u00e3o de existir e seus princ\u00edpios \u00e9ticos, at\u00e9 as perspectivas de longo prazo, passando por objetivos, indicadores e a\u00e7\u00f5es que devem ser realizadas para que a entidade cumpra a sua miss\u00e3o. &nbsp;<\/span><\/p>\n<p><span style=\"font-weight: 400;\">O Plano Estrat\u00e9gico do Sindcom\u00e9rcio est\u00e1 descrito neste documento, configurando nossas principais diretrizes, orientando as a\u00e7\u00f5es de nossos lideres e nossos colaboradores para o per\u00edodo de 2009\/2020<\/span>[\/vc_column_text][\/vc_column_inner][vc_column_inner width=&#8221;1\/4&#8243;]<div class=\"td-a-rec td-a-rec-id-sidebar  td_uid_1_69ea27c2a3b81_rand td_block_template_8\"><div class=\"td-all-devices\"><a href=\"https:\/\/sindcomerciosl.com.br\/portal\/conetb\/\" target=\"_self\"><img decoding=\"async\" src=\"https:\/\/sindcomerciosl.com.br\/portal\/wp-content\/uploads\/2018\/10\/Sidebar-Conetb.jpg\"\/><\/a><\/div><\/div>[vc_widget_sidebar sidebar_id=&#8221;td-footer-1&#8243;][\/vc_column_inner][\/vc_row_inner][\/vc_column][\/vc_row]<\/p>\n<\/div>","protected":false},"excerpt":{"rendered":"<p>[vc_row css=&#8221;.vc_custom_1531236767322{margin-top: 40px !important;margin-bottom: 40px !important;}&#8221;][vc_column][vc_row_inner][vc_column_inner width=&#8221;3\/4&#8243;][vc_column_text]Em 21 de Julho de 1990, foi fundado o Sindicato do Com\u00e9rcio Varejista de Sete Lagoas. Com muito trabalho e uni\u00e3o, um grupo de comerciantes lojistas, interessados na supera\u00e7\u00e3o das dificuldades que afetavam o setor, na retomada do desenvolvimento empresarial e na promo\u00e7\u00e3o da integra\u00e7\u00e3o do segmento para o [&hellip;]<\/p>\n","protected":false},"author":1,"featured_media":0,"parent":0,"menu_order":0,"comment_status":"closed","ping_status":"closed","template":"page-pagebuilder-title.php","meta":{"ngg_post_thumbnail":0,"_joinchat":[],"footnotes":""},"class_list":["post-590","page","type-page","status-publish","hentry"],"yoast_head":"<!-- This site is optimized with the Yoast SEO plugin v26.9 - https:\/\/yoast.com\/product\/yoast-seo-wordpress\/ -->\n<title>Nossa Hist\u00f3ria | SindCom\u00e9rcio<\/title>\n<meta name=\"description\" content=\"Em 21 de Julho de 1990, foi fundado o Sindicato do Com\u00e9rcio Varejista de Sete Lagoas. Com muito trabalho e uni\u00e3o, um grupo de comerciantes lojistas,\" \/>\n<meta name=\"robots\" content=\"index, follow, max-snippet:-1, max-image-preview:large, max-video-preview:-1\" \/>\n<link rel=\"canonical\" href=\"https:\/\/sindcomerciosl.com.br\/portal\/nossa-historia\/\" \/>\n<meta property=\"og:locale\" content=\"pt_BR\" \/>\n<meta property=\"og:type\" content=\"article\" \/>\n<meta property=\"og:title\" content=\"Nossa Hist\u00f3ria | SindCom\u00e9rcio\" \/>\n<meta property=\"og:description\" content=\"Em 21 de Julho de 1990, foi fundado o Sindicato do Com\u00e9rcio Varejista de Sete Lagoas. Com muito trabalho e uni\u00e3o, um grupo de comerciantes lojistas,\" \/>\n<meta property=\"og:url\" content=\"https:\/\/sindcomerciosl.com.br\/portal\/nossa-historia\/\" \/>\n<meta property=\"og:site_name\" content=\"SindCom\u00e9rcio\" \/>\n<meta property=\"article:modified_time\" content=\"2024-03-05T20:57:36+00:00\" \/>\n<meta name=\"twitter:card\" content=\"summary_large_image\" \/>\n<meta name=\"twitter:label1\" content=\"Est. tempo de leitura\" \/>\n\t<meta name=\"twitter:data1\" content=\"2 minutos\" \/>\n<script type=\"application\/ld+json\" class=\"yoast-schema-graph\">{\"@context\":\"https:\/\/schema.org\",\"@graph\":[{\"@type\":\"WebPage\",\"@id\":\"https:\/\/sindcomerciosl.com.br\/portal\/nossa-historia\/\",\"url\":\"https:\/\/sindcomerciosl.com.br\/portal\/nossa-historia\/\",\"name\":\"Nossa Hist\u00f3ria | SindCom\u00e9rcio\",\"isPartOf\":{\"@id\":\"https:\/\/sindcomerciosl.com.br\/portal\/#website\"},\"datePublished\":\"2018-09-05T20:42:04+00:00\",\"dateModified\":\"2024-03-05T20:57:36+00:00\",\"description\":\"Em 21 de Julho de 1990, foi fundado o Sindicato do Com\u00e9rcio Varejista de Sete Lagoas. Com muito trabalho e uni\u00e3o, um grupo de comerciantes lojistas,\",\"breadcrumb\":{\"@id\":\"https:\/\/sindcomerciosl.com.br\/portal\/nossa-historia\/#breadcrumb\"},\"inLanguage\":\"pt-BR\",\"potentialAction\":[{\"@type\":\"ReadAction\",\"target\":[\"https:\/\/sindcomerciosl.com.br\/portal\/nossa-historia\/\"]}]},{\"@type\":\"BreadcrumbList\",\"@id\":\"https:\/\/sindcomerciosl.com.br\/portal\/nossa-historia\/#breadcrumb\",\"itemListElement\":[{\"@type\":\"ListItem\",\"position\":1,\"name\":\"In\u00edcio\",\"item\":\"https:\/\/sindcomerciosl.com.br\/portal\/\"},{\"@type\":\"ListItem\",\"position\":2,\"name\":\"Nossa Hist\u00f3ria\"}]},{\"@type\":\"WebSite\",\"@id\":\"https:\/\/sindcomerciosl.com.br\/portal\/#website\",\"url\":\"https:\/\/sindcomerciosl.com.br\/portal\/\",\"name\":\"SindCom\u00e9rcio\",\"description\":\"\",\"publisher\":{\"@id\":\"https:\/\/sindcomerciosl.com.br\/portal\/#organization\"},\"potentialAction\":[{\"@type\":\"SearchAction\",\"target\":{\"@type\":\"EntryPoint\",\"urlTemplate\":\"https:\/\/sindcomerciosl.com.br\/portal\/?s={search_term_string}\"},\"query-input\":{\"@type\":\"PropertyValueSpecification\",\"valueRequired\":true,\"valueName\":\"search_term_string\"}}],\"inLanguage\":\"pt-BR\"},{\"@type\":\"Organization\",\"@id\":\"https:\/\/sindcomerciosl.com.br\/portal\/#organization\",\"name\":\"Sindcom\u00e9rcio de Sete Lagoas\",\"url\":\"https:\/\/sindcomerciosl.com.br\/portal\/\",\"logo\":{\"@type\":\"ImageObject\",\"inLanguage\":\"pt-BR\",\"@id\":\"https:\/\/sindcomerciosl.com.br\/portal\/#\/schema\/logo\/image\/\",\"url\":\"https:\/\/sindcomerciosl.com.br\/portal\/wp-content\/uploads\/2018\/07\/logo-sindcomercio-mobile.png\",\"contentUrl\":\"https:\/\/sindcomerciosl.com.br\/portal\/wp-content\/uploads\/2018\/07\/logo-sindcomercio-mobile.png\",\"width\":140,\"height\":48,\"caption\":\"Sindcom\u00e9rcio de Sete Lagoas\"},\"image\":{\"@id\":\"https:\/\/sindcomerciosl.com.br\/portal\/#\/schema\/logo\/image\/\"}}]}<\/script>\n<!-- \/ Yoast SEO plugin. -->","yoast_head_json":{"title":"Nossa Hist\u00f3ria | SindCom\u00e9rcio","description":"Em 21 de Julho de 1990, foi fundado o Sindicato do Com\u00e9rcio Varejista de Sete Lagoas. Com muito trabalho e uni\u00e3o, um grupo de comerciantes lojistas,","robots":{"index":"index","follow":"follow","max-snippet":"max-snippet:-1","max-image-preview":"max-image-preview:large","max-video-preview":"max-video-preview:-1"},"canonical":"https:\/\/sindcomerciosl.com.br\/portal\/nossa-historia\/","og_locale":"pt_BR","og_type":"article","og_title":"Nossa Hist\u00f3ria | SindCom\u00e9rcio","og_description":"Em 21 de Julho de 1990, foi fundado o Sindicato do Com\u00e9rcio Varejista de Sete Lagoas. Com muito trabalho e uni\u00e3o, um grupo de comerciantes lojistas,","og_url":"https:\/\/sindcomerciosl.com.br\/portal\/nossa-historia\/","og_site_name":"SindCom\u00e9rcio","article_modified_time":"2024-03-05T20:57:36+00:00","twitter_card":"summary_large_image","twitter_misc":{"Est. tempo de leitura":"2 minutos"},"schema":{"@context":"https:\/\/schema.org","@graph":[{"@type":"WebPage","@id":"https:\/\/sindcomerciosl.com.br\/portal\/nossa-historia\/","url":"https:\/\/sindcomerciosl.com.br\/portal\/nossa-historia\/","name":"Nossa Hist\u00f3ria | SindCom\u00e9rcio","isPartOf":{"@id":"https:\/\/sindcomerciosl.com.br\/portal\/#website"},"datePublished":"2018-09-05T20:42:04+00:00","dateModified":"2024-03-05T20:57:36+00:00","description":"Em 21 de Julho de 1990, foi fundado o Sindicato do Com\u00e9rcio Varejista de Sete Lagoas. Com muito trabalho e uni\u00e3o, um grupo de comerciantes lojistas,","breadcrumb":{"@id":"https:\/\/sindcomerciosl.com.br\/portal\/nossa-historia\/#breadcrumb"},"inLanguage":"pt-BR","potentialAction":[{"@type":"ReadAction","target":["https:\/\/sindcomerciosl.com.br\/portal\/nossa-historia\/"]}]},{"@type":"BreadcrumbList","@id":"https:\/\/sindcomerciosl.com.br\/portal\/nossa-historia\/#breadcrumb","itemListElement":[{"@type":"ListItem","position":1,"name":"In\u00edcio","item":"https:\/\/sindcomerciosl.com.br\/portal\/"},{"@type":"ListItem","position":2,"name":"Nossa Hist\u00f3ria"}]},{"@type":"WebSite","@id":"https:\/\/sindcomerciosl.com.br\/portal\/#website","url":"https:\/\/sindcomerciosl.com.br\/portal\/","name":"SindCom\u00e9rcio","description":"","publisher":{"@id":"https:\/\/sindcomerciosl.com.br\/portal\/#organization"},"potentialAction":[{"@type":"SearchAction","target":{"@type":"EntryPoint","urlTemplate":"https:\/\/sindcomerciosl.com.br\/portal\/?s={search_term_string}"},"query-input":{"@type":"PropertyValueSpecification","valueRequired":true,"valueName":"search_term_string"}}],"inLanguage":"pt-BR"},{"@type":"Organization","@id":"https:\/\/sindcomerciosl.com.br\/portal\/#organization","name":"Sindcom\u00e9rcio de Sete Lagoas","url":"https:\/\/sindcomerciosl.com.br\/portal\/","logo":{"@type":"ImageObject","inLanguage":"pt-BR","@id":"https:\/\/sindcomerciosl.com.br\/portal\/#\/schema\/logo\/image\/","url":"https:\/\/sindcomerciosl.com.br\/portal\/wp-content\/uploads\/2018\/07\/logo-sindcomercio-mobile.png","contentUrl":"https:\/\/sindcomerciosl.com.br\/portal\/wp-content\/uploads\/2018\/07\/logo-sindcomercio-mobile.png","width":140,"height":48,"caption":"Sindcom\u00e9rcio de Sete Lagoas"},"image":{"@id":"https:\/\/sindcomerciosl.com.br\/portal\/#\/schema\/logo\/image\/"}}]}},"_links":{"self":[{"href":"https:\/\/sindcomerciosl.com.br\/portal\/wp-json\/wp\/v2\/pages\/590","targetHints":{"allow":["GET"]}}],"collection":[{"href":"https:\/\/sindcomerciosl.com.br\/portal\/wp-json\/wp\/v2\/pages"}],"about":[{"href":"https:\/\/sindcomerciosl.com.br\/portal\/wp-json\/wp\/v2\/types\/page"}],"author":[{"embeddable":true,"href":"https:\/\/sindcomerciosl.com.br\/portal\/wp-json\/wp\/v2\/users\/1"}],"replies":[{"embeddable":true,"href":"https:\/\/sindcomerciosl.com.br\/portal\/wp-json\/wp\/v2\/comments?post=590"}],"version-history":[{"count":7,"href":"https:\/\/sindcomerciosl.com.br\/portal\/wp-json\/wp\/v2\/pages\/590\/revisions"}],"predecessor-version":[{"id":2471,"href":"https:\/\/sindcomerciosl.com.br\/portal\/wp-json\/wp\/v2\/pages\/590\/revisions\/2471"}],"wp:attachment":[{"href":"https:\/\/sindcomerciosl.com.br\/portal\/wp-json\/wp\/v2\/media?parent=590"}],"curies":[{"name":"wp","href":"https:\/\/api.w.org\/{rel}","templated":true}]}}