{"id":702,"date":"2018-10-19T16:20:11","date_gmt":"2018-10-19T19:20:11","guid":{"rendered":"https:\/\/sindcomerciosl.com.br\/portal\/?page_id=702"},"modified":"2018-10-23T17:17:47","modified_gmt":"2018-10-23T20:17:47","slug":"conetb","status":"publish","type":"page","link":"https:\/\/sindcomerciosl.com.br\/portal\/conetb\/","title":{"rendered":"Conetb"},"content":{"rendered":"<div class=\"wpb-content-wrapper\"><p>[vc_row full_width=&#8221;stretch_row_content&#8221; css=&#8221;.vc_custom_1540220490622{margin-top: -30px !important;}&#8221;][vc_column]\n\t\t\t<!-- START paginaConetb REVOLUTION SLIDER 6.7.18 --><p class=\"rs-p-wp-fix\"><\/p>\n\t\t\t<rs-module-wrap id=\"rev_slider_2_1_wrapper\" data-source=\"gallery\" style=\"visibility:hidden;background:transparent;padding:0;margin:0px auto;margin-top:0;margin-bottom:0;\">\n\t\t\t\t<rs-module id=\"rev_slider_2_1\" style=\"\" data-version=\"6.7.18\">\n\t\t\t\t\t<rs-slides style=\"overflow: hidden; position: absolute;\">\n\t\t\t\t\t\t<rs-slide style=\"position: absolute;\" data-key=\"rs-2\" data-title=\"Slide\" data-link=\"\/\/sistema.sindcomerciosl.com.br\/cadastro\" data-tag=\"l\" data-target=\"_blank\" data-seoz=\"front\" data-anim=\"adpr:false;\">\n\t\t\t\t\t\t\t<img decoding=\"async\" src=\"\/\/sindcomerciosl.com.br\/portal\/wp-content\/plugins\/revslider\/sr6\/assets\/assets\/dummy.png\" alt=\"\" title=\"Conetb\" class=\"rev-slidebg tp-rs-img rs-lazyload\" data-lazyload=\"\/\/sindcomerciosl.com.br\/portal\/wp-content\/uploads\/2018\/10\/banner-pagina-landingpage.jpg\" data-no-retina>\n<!---->\t\t\t\t\t<\/rs-slide>\n\t\t\t\t\t<\/rs-slides>\n\t\t\t\t<\/rs-module>\n\t\t\t\t<script>\n\t\t\t\t\tsetREVStartSize({c: 'rev_slider_2_1',rl:[1240,1024,778,480],el:[],gw:[1200],gh:[390],type:'standard',justify:'',layout:'fullwidth',mh:\"0\"});if (window.RS_MODULES!==undefined && window.RS_MODULES.modules!==undefined && window.RS_MODULES.modules[\"revslider21\"]!==undefined) {window.RS_MODULES.modules[\"revslider21\"].once = false;window.revapi2 = undefined;if (window.RS_MODULES.checkMinimal!==undefined) window.RS_MODULES.checkMinimal()}\n\t\t\t\t<\/script>\n\t\t\t<\/rs-module-wrap>\n\t\t\t<!-- END REVOLUTION SLIDER -->\n[\/vc_column][\/vc_row][vc_row css=&#8221;.vc_custom_1540228363269{margin-top: 50px !important;margin-bottom: 20px !important;}&#8221;][vc_column][vc_custom_heading text=&#8221;O <strong>CONETB<\/strong> MARKETPLACE&#8221; font_container=&#8221;tag:h2|font_size:32px|text_align:center&#8221; use_theme_fonts=&#8221;yes&#8221;][vc_row_inner][vc_column_inner width=&#8221;1\/2&#8243;][vc_empty_space height=&#8221;60px&#8221;][vc_column_text]<\/p>\n<p style=\"text-align: left;\"><span style=\"font-weight: 400;\"><strong>CONETB<\/strong> \u00e9 a plataforma de marketplace do Sindcom\u00e9rcio Sete Lagoas que oferece um ambiente online de busca e compara\u00e7\u00e3o de pre\u00e7os para simplificar a compra e venda de produtos e servi\u00e7os, visando fomentar os neg\u00f3cios locais e gerar novas oportunidades de neg\u00f3cio.<\/span><\/p>\n<p>[\/vc_column_text][\/vc_column_inner][vc_column_inner width=&#8221;1\/2&#8243;]<div class=\"td_block_wrap td_block_image_box td_uid_1_69ea27923479d_rand td-image-box-style-2 td-pb-border-top td_block_template_8\"  data-td-block-uid=\"td_uid_1_69ea27923479d\" ><div class=\"td-block-title-wrap\"><\/div><div class=\"td-image-box-row td-big-image\"><div class=\"td-image-box-span\"><div class=\"td-custom\"><div class=\"td-custom-image td-no-img-custom-url\"><a style=\"background-image: url('https:\/\/sindcomerciosl.com.br\/portal\/wp-content\/uploads\/2018\/10\/metodo.jpg');\" href=\"#\"  rel=\"bookmark\" title=\"\"><\/a><\/div><div class=\"td-custom-title\"><h3 class=\"entry-title\"><a href=\"#\"><\/a><\/h3><\/div><\/div><\/div><\/div><\/div>[\/vc_column_inner][\/vc_row_inner][\/vc_column][\/vc_row][vc_row css=&#8221;.vc_custom_1540220534652{margin-top: 20px !important;margin-bottom: 20px !important;}&#8221;][vc_column][vc_row_inner][vc_column_inner width=&#8221;1\/2&#8243;][vc_empty_space height=&#8221;20px&#8221;]<div class=\"td_block_wrap td_block_image_box td_uid_2_69ea279236797_rand td-image-box-style-2 td-pb-border-top td_block_template_8\"  data-td-block-uid=\"td_uid_2_69ea279236797\" ><div class=\"td-block-title-wrap\"><\/div><div class=\"td-image-box-row td-big-image\"><div class=\"td-image-box-span\"><div class=\"td-custom\"><div class=\"td-custom-image td-no-img-custom-url\"><a style=\"background-image: url('https:\/\/sindcomerciosl.com.br\/portal\/wp-content\/uploads\/2018\/10\/Conetb-SindcomercioSL2.jpg');\" href=\"#\"  rel=\"bookmark\" title=\"\"><\/a><\/div><div class=\"td-custom-title\"><h3 class=\"entry-title\"><a href=\"#\"><\/a><\/h3><\/div><\/div><\/div><\/div><\/div>[\/vc_column_inner][vc_column_inner width=&#8221;1\/2&#8243;][vc_custom_heading text=&#8221;Ideal para <strong>expandir seus canais de venda<\/strong>&#8221; use_theme_fonts=&#8221;yes&#8221;][vc_column_text]<span style=\"font-weight: 400;\">Explore novas oportunidades de neg\u00f3cio e receba v\u00e1rios pedidos de cota\u00e7\u00e3o de empresas pr\u00f3ximas de voc\u00ea! <\/span><\/p>\n<p><span style=\"font-weight: 400;\">O Conetb conecta sua empresa aos consumidores que procuram pelos produtos ou servi\u00e7os que voc\u00ea comercializa. Essa \u00e9 uma maneira de expandir seus canais de venda e deixar sua marca mais vis\u00edvel para sua comunidade.<\/span><\/p>\n<p><span style=\"font-weight: 400;\">Cadastre sua empresa, divulgue as promo\u00e7\u00f5es e aumente as chances de ser encontrado inserindo as palavras-chave que mais t\u00eam rela\u00e7\u00e3o com o seu neg\u00f3cio. As oportunidades de fazer bons neg\u00f3cios s\u00e3o imensas.<\/span>[\/vc_column_text][\/vc_column_inner][\/vc_row_inner][\/vc_column][\/vc_row][vc_row full_width=&#8221;stretch_row&#8221; css=&#8221;.vc_custom_1540228087523{margin-bottom: 20px !important;}&#8221;][vc_column][vc_custom_heading text=&#8221;<strong>Vantagens<\/strong> para aumentar as vendas&#8221; font_container=&#8221;tag:h2|text_align:center&#8221; use_theme_fonts=&#8221;yes&#8221;][vc_empty_space height=&#8221;10px&#8221;][vc_row_inner content_placement=&#8221;middle&#8221;][vc_column_inner width=&#8221;1\/2&#8243;][vc_column_text]<img loading=\"lazy\" decoding=\"async\" class=\"alignnone wp-image-709\" src=\"https:\/\/sindcomerciosl.com.br\/portal\/wp-content\/uploads\/2018\/10\/checked.png\" alt=\"\" width=\"17\" height=\"17\">Promover a sua marca e aumentar a visibilidade do seu neg\u00f3cio para v\u00e1rias pessoas atrav\u00e9s de um poderoso canal de vendas;<\/p>\n<p><img loading=\"lazy\" decoding=\"async\" class=\"alignnone wp-image-709\" src=\"https:\/\/sindcomerciosl.com.br\/portal\/wp-content\/uploads\/2018\/10\/checked.png\" alt=\"\" width=\"17\" height=\"17\">Reduzir o custo com marketing promocional;<\/p>\n<p><img loading=\"lazy\" decoding=\"async\" class=\"alignnone wp-image-709\" src=\"https:\/\/sindcomerciosl.com.br\/portal\/wp-content\/uploads\/2018\/10\/checked.png\" alt=\"\" width=\"17\" height=\"17\">Participar de v\u00e1rios pedidos de compra e receber a chance de negociar com v\u00e1rios consumidores;<\/p>\n<p><span style=\"font-weight: 400;\">&nbsp;<\/span>[\/vc_column_text][\/vc_column_inner][vc_column_inner width=&#8221;1\/2&#8243;][vc_column_text]<img loading=\"lazy\" decoding=\"async\" class=\"alignnone wp-image-709\" src=\"https:\/\/sindcomerciosl.com.br\/portal\/wp-content\/uploads\/2018\/10\/checked.png\" alt=\"\" width=\"17\" height=\"17\">Receber o feedback de compradores para otimizar o atendimento, qualidade do produto, pre\u00e7o, etc;<\/p>\n<p><img loading=\"lazy\" decoding=\"async\" class=\"alignnone wp-image-709\" src=\"https:\/\/sindcomerciosl.com.br\/portal\/wp-content\/uploads\/2018\/10\/checked.png\" alt=\"\" width=\"17\" height=\"17\">T<span style=\"font-weight: 400;\">enha acesso a dashboard com indicadores, gr\u00e1ficos e relat\u00f3rios de resultados e oportunidades.<\/span>[\/vc_column_text][\/vc_column_inner][\/vc_row_inner][\/vc_column][\/vc_row][vc_row][vc_column][vc_btn title=&#8221;QUERO ME CADASTRAR!&#8221; style=&#8221;custom&#8221; custom_background=&#8221;#284580&#8243; custom_text=&#8221;#ffffff&#8221; align=&#8221;center&#8221; link=&#8221;url:http%3A%2F%2Fsistema.sindcomerciosl.com.br%2Fcadastro||target:%20_blank|&#8221;][vc_empty_space height=&#8221;20px&#8221;][vc_separator][\/vc_column][\/vc_row][vc_row css=&#8221;.vc_custom_1534789984378{margin-bottom: 20px !important;}&#8221;][vc_column][vc_row_inner][vc_column_inner width=&#8221;1\/2&#8243;][vc_custom_heading text=&#8221;Ideal para quem <strong>busca agilidade e melhores condi\u00e7\u00f5es<\/strong>&#8221; use_theme_fonts=&#8221;yes&#8221;][vc_column_text]<span style=\"font-weight: 400;\">Encontre novos fornecedores e produtos com mais facilidade! O marketplace Conetb permite que voc\u00ea encontre produtos e negocie de forma simples e \u00e1gil.<\/span><\/p>\n<p><span style=\"font-weight: 400;\">Para encontrar o fornecedor ideal basta utilizar os filtros de categoria e localiza\u00e7\u00e3o e buscar pela palavra-chave.<\/span><\/p>\n<p><span style=\"font-weight: 400;\">Tamb\u00e9m \u00e9 poss\u00edvel escolher o parceiro seguindo o ranking dos fornecedores. As empresas podem ser avaliadas seguindo crit\u00e9rios de entrega, qualidade e demais vari\u00e1veis que ir\u00e3o determinar as melhores empresas para voc\u00ea negociar.<\/span>[\/vc_column_text][\/vc_column_inner][vc_column_inner width=&#8221;1\/2&#8243;][vc_empty_space height=&#8221;20px&#8221;]<div class=\"td_block_wrap td_block_image_box td_uid_3_69ea279236fd6_rand td-image-box-style-2 td-pb-border-top td_block_template_8\"  data-td-block-uid=\"td_uid_3_69ea279236fd6\" ><div class=\"td-block-title-wrap\"><\/div><div class=\"td-image-box-row td-big-image\"><div class=\"td-image-box-span\"><div class=\"td-custom\"><div class=\"td-custom-image td-no-img-custom-url\"><a style=\"background-image: url('https:\/\/sindcomerciosl.com.br\/portal\/wp-content\/uploads\/2018\/10\/Conetb-SindcomercioSL.jpg');\" href=\"#\"  rel=\"bookmark\" title=\"\"><\/a><\/div><div class=\"td-custom-title\"><h3 class=\"entry-title\"><a href=\"#\"><\/a><\/h3><\/div><\/div><\/div><\/div><\/div>[\/vc_column_inner][\/vc_row_inner][\/vc_column][\/vc_row][vc_row css=&#8221;.vc_custom_1534789984378{margin-bottom: 20px !important;}&#8221;][vc_column][vc_custom_heading text=&#8221;<strong>Vantagens<\/strong> para comprar melhor&#8221; font_container=&#8221;tag:h2|text_align:center&#8221; use_theme_fonts=&#8221;yes&#8221;][vc_empty_space height=&#8221;10px&#8221;][vc_row_inner][vc_column_inner width=&#8221;1\/2&#8243;][vc_column_text]<img loading=\"lazy\" decoding=\"async\" class=\"alignnone wp-image-709\" src=\"https:\/\/sindcomerciosl.com.br\/portal\/wp-content\/uploads\/2018\/10\/checked.png\" alt=\"\" width=\"17\" height=\"17\">&nbsp;Encontrar novos fornecedores pr\u00f3ximos de voc\u00ea;<\/p>\n<p><img loading=\"lazy\" decoding=\"async\" class=\"alignnone wp-image-709\" src=\"https:\/\/sindcomerciosl.com.br\/portal\/wp-content\/uploads\/2018\/10\/checked.png\" alt=\"\" width=\"17\" height=\"17\"> <span style=\"font-weight: 400;\">Obter propostas de pre\u00e7o, condi\u00e7\u00f5es e formas de pagamento diretamente no seu email;<br \/>\n<\/span>[\/vc_column_text][\/vc_column_inner][vc_column_inner width=&#8221;1\/2&#8243;][vc_column_text]<img loading=\"lazy\" decoding=\"async\" class=\"alignnone wp-image-709\" src=\"https:\/\/sindcomerciosl.com.br\/portal\/wp-content\/uploads\/2018\/10\/checked.png\" alt=\"\" width=\"17\" height=\"17\">&nbsp;Reduzir o custo operacional em pesquisa de novos fornecedores;<\/p>\n<p><span style=\"font-weight: 400;\"><img loading=\"lazy\" decoding=\"async\" class=\"alignnone wp-image-709\" src=\"https:\/\/sindcomerciosl.com.br\/portal\/wp-content\/uploads\/2018\/10\/checked.png\" alt=\"\" width=\"17\" height=\"17\"> Contar com as avalia\u00e7\u00f5es de outros clientes do Conetb sobre o produto\/servi\u00e7o prestado pelos fornecedores.<\/span>[\/vc_column_text][\/vc_column_inner][\/vc_row_inner][\/vc_column][\/vc_row][vc_row][vc_column][vc_btn title=&#8221;FAZER O CADASTRO AGORA!&#8221; style=&#8221;custom&#8221; custom_background=&#8221;#01ac53&#8243; custom_text=&#8221;#ffffff&#8221; align=&#8221;center&#8221; link=&#8221;url:http%3A%2F%2Fsistema.sindcomerciosl.com.br%2Fcadastro||target:%20_blank|&#8221;][vc_empty_space height=&#8221;20px&#8221;][vc_separator][\/vc_column][\/vc_row][vc_row css=&#8221;.vc_custom_1540228495805{margin-top: 30px !important;margin-bottom: 40px !important;}&#8221;][vc_column][vc_custom_heading text=&#8221;<strong>Como funciona<\/strong> o Conetb&#8221; font_container=&#8221;tag:h2|font_size:30px|text_align:center&#8221; use_theme_fonts=&#8221;yes&#8221;][vc_empty_space height=&#8221;5px&#8221;][vc_row_inner][vc_column_inner width=&#8221;1\/3&#8243;][vc_column_text]<\/p>\n<h4><img loading=\"lazy\" decoding=\"async\" class=\"wp-image-741 aligncenter\" src=\"https:\/\/sindcomerciosl.com.br\/portal\/wp-content\/uploads\/2018\/10\/choices.png\" alt=\"Como funciona o Conetb - Escolha do Produto\" width=\"80\" height=\"80\"><\/h4>\n<h4 style=\"text-align: left;\"><strong>ETAPA 1<\/strong><\/h4>\n<p><span style=\"font-weight: 400;\">Consumidores (pessoas f\u00edsicas ou jur\u00eddicas) que estejam cadastrados no Conetb e que possuem uma demanda de produtos e\/ou servi\u00e7os podem selecionar a categoria do produto e solicitar cota\u00e7\u00f5es.<\/span>[\/vc_column_text][\/vc_column_inner][vc_column_inner width=&#8221;1\/3&#8243;][vc_column_text]<\/p>\n<h4><strong><img loading=\"lazy\" decoding=\"async\" class=\"aligncenter wp-image-740\" src=\"https:\/\/sindcomerciosl.com.br\/portal\/wp-content\/uploads\/2018\/10\/smartphone.png\" alt=\"\" width=\"80\" height=\"80\"><\/strong><\/h4>\n<h4><strong>ETAPA 2<\/strong><\/h4>\n<p><span style=\"font-weight: 400;\">Os fornecedores\/vendedores (pessoas f\u00edsicas ou jur\u00eddicas) que estejam cadastrados na plataforma e que atendam \u00e0 categoria de venda da demanda gerada, ir\u00e3o receber uma notifica\u00e7\u00e3o por e-mail com o link para fazerem sua proposta. <\/span>[\/vc_column_text][\/vc_column_inner][vc_column_inner width=&#8221;1\/3&#8243;][vc_column_text]<\/p>\n<h4><strong><img loading=\"lazy\" decoding=\"async\" class=\"aligncenter wp-image-742\" src=\"https:\/\/sindcomerciosl.com.br\/portal\/wp-content\/uploads\/2018\/10\/refund.png\" alt=\"\" width=\"80\" height=\"80\"><\/strong><\/h4>\n<h4><strong>ETAPA 3<\/strong><\/h4>\n<p><span style=\"font-weight: 400;\">Por fim, o consumidor ter\u00e1 a possibilidade de analisar as propostas com pre\u00e7os, condi\u00e7\u00f5es e formas de pagamento, al\u00e9m da avalia\u00e7\u00e3o dos fornecedores feitas por outros usu\u00e1rios da plataforma. Ap\u00f3s fazer a escolha, basta efetuar o pedido de compra dentro da plataforma. Tudo isso de maneira \u00e1gil e segura.<\/span>[\/vc_column_text][\/vc_column_inner][\/vc_row_inner][\/vc_column][\/vc_row]<\/p>\n<\/div>","protected":false},"excerpt":{"rendered":"<p>[vc_row full_width=&#8221;stretch_row_content&#8221; css=&#8221;.vc_custom_1540220490622{margin-top: -30px !important;}&#8221;][vc_column][\/vc_column][\/vc_row][vc_row css=&#8221;.vc_custom_1540228363269{margin-top: 50px !important;margin-bottom: 20px !important;}&#8221;][vc_column][vc_custom_heading text=&#8221;O CONETB MARKETPLACE&#8221; font_container=&#8221;tag:h2|font_size:32px|text_align:center&#8221; use_theme_fonts=&#8221;yes&#8221;][vc_row_inner][vc_column_inner width=&#8221;1\/2&#8243;][vc_empty_space height=&#8221;60px&#8221;][vc_column_text] CONETB \u00e9 a plataforma de marketplace do Sindcom\u00e9rcio Sete Lagoas que oferece um ambiente online de busca e compara\u00e7\u00e3o de pre\u00e7os para simplificar a compra e venda de produtos e servi\u00e7os, visando fomentar os neg\u00f3cios locais e gerar [&hellip;]<\/p>\n","protected":false},"author":1,"featured_media":0,"parent":0,"menu_order":0,"comment_status":"closed","ping_status":"closed","template":"","meta":{"ngg_post_thumbnail":0,"_joinchat":[],"footnotes":""},"class_list":["post-702","page","type-page","status-publish","hentry"],"yoast_head":"<!-- This site is optimized with the Yoast SEO plugin v26.9 - https:\/\/yoast.com\/product\/yoast-seo-wordpress\/ -->\n<title>Conetb | SindCom\u00e9rcio<\/title>\n<meta name=\"description\" content=\"CONETB \u00e9 a plataforma de marketplace do Sindcom\u00e9rcio Sete Lagoas que oferece um ambiente online de busca e compara\u00e7\u00e3o de pre\u00e7os para simplificar a compra\" \/>\n<meta name=\"robots\" content=\"index, follow, max-snippet:-1, max-image-preview:large, max-video-preview:-1\" \/>\n<link rel=\"canonical\" href=\"https:\/\/sindcomerciosl.com.br\/portal\/conetb\/\" \/>\n<meta property=\"og:locale\" content=\"pt_BR\" \/>\n<meta property=\"og:type\" content=\"article\" \/>\n<meta property=\"og:title\" content=\"Conetb | SindCom\u00e9rcio\" \/>\n<meta property=\"og:description\" content=\"CONETB \u00e9 a plataforma de marketplace do Sindcom\u00e9rcio Sete Lagoas que oferece um ambiente online de busca e compara\u00e7\u00e3o de pre\u00e7os para simplificar a compra\" \/>\n<meta property=\"og:url\" content=\"https:\/\/sindcomerciosl.com.br\/portal\/conetb\/\" \/>\n<meta property=\"og:site_name\" content=\"SindCom\u00e9rcio\" \/>\n<meta property=\"article:modified_time\" content=\"2018-10-23T20:17:47+00:00\" \/>\n<meta property=\"og:image\" content=\"https:\/\/sindcomerciosl.com.br\/portal\/wp-content\/uploads\/2018\/10\/checked.png\" \/>\n<meta name=\"twitter:card\" content=\"summary_large_image\" \/>\n<meta name=\"twitter:label1\" content=\"Est. tempo de leitura\" \/>\n\t<meta name=\"twitter:data1\" content=\"5 minutos\" \/>\n<script type=\"application\/ld+json\" class=\"yoast-schema-graph\">{\"@context\":\"https:\/\/schema.org\",\"@graph\":[{\"@type\":\"WebPage\",\"@id\":\"https:\/\/sindcomerciosl.com.br\/portal\/conetb\/\",\"url\":\"https:\/\/sindcomerciosl.com.br\/portal\/conetb\/\",\"name\":\"Conetb | SindCom\u00e9rcio\",\"isPartOf\":{\"@id\":\"https:\/\/sindcomerciosl.com.br\/portal\/#website\"},\"primaryImageOfPage\":{\"@id\":\"https:\/\/sindcomerciosl.com.br\/portal\/conetb\/#primaryimage\"},\"image\":{\"@id\":\"https:\/\/sindcomerciosl.com.br\/portal\/conetb\/#primaryimage\"},\"thumbnailUrl\":\"https:\/\/sindcomerciosl.com.br\/portal\/wp-content\/uploads\/2018\/10\/checked.png\",\"datePublished\":\"2018-10-19T19:20:11+00:00\",\"dateModified\":\"2018-10-23T20:17:47+00:00\",\"description\":\"CONETB \u00e9 a plataforma de marketplace do Sindcom\u00e9rcio Sete Lagoas que oferece um ambiente online de busca e compara\u00e7\u00e3o de pre\u00e7os para simplificar a compra\",\"breadcrumb\":{\"@id\":\"https:\/\/sindcomerciosl.com.br\/portal\/conetb\/#breadcrumb\"},\"inLanguage\":\"pt-BR\",\"potentialAction\":[{\"@type\":\"ReadAction\",\"target\":[\"https:\/\/sindcomerciosl.com.br\/portal\/conetb\/\"]}]},{\"@type\":\"ImageObject\",\"inLanguage\":\"pt-BR\",\"@id\":\"https:\/\/sindcomerciosl.com.br\/portal\/conetb\/#primaryimage\",\"url\":\"https:\/\/sindcomerciosl.com.br\/portal\/wp-content\/uploads\/2018\/10\/checked.png\",\"contentUrl\":\"https:\/\/sindcomerciosl.com.br\/portal\/wp-content\/uploads\/2018\/10\/checked.png\",\"width\":24,\"height\":24},{\"@type\":\"BreadcrumbList\",\"@id\":\"https:\/\/sindcomerciosl.com.br\/portal\/conetb\/#breadcrumb\",\"itemListElement\":[{\"@type\":\"ListItem\",\"position\":1,\"name\":\"In\u00edcio\",\"item\":\"https:\/\/sindcomerciosl.com.br\/portal\/\"},{\"@type\":\"ListItem\",\"position\":2,\"name\":\"Conetb\"}]},{\"@type\":\"WebSite\",\"@id\":\"https:\/\/sindcomerciosl.com.br\/portal\/#website\",\"url\":\"https:\/\/sindcomerciosl.com.br\/portal\/\",\"name\":\"SindCom\u00e9rcio\",\"description\":\"\",\"publisher\":{\"@id\":\"https:\/\/sindcomerciosl.com.br\/portal\/#organization\"},\"potentialAction\":[{\"@type\":\"SearchAction\",\"target\":{\"@type\":\"EntryPoint\",\"urlTemplate\":\"https:\/\/sindcomerciosl.com.br\/portal\/?s={search_term_string}\"},\"query-input\":{\"@type\":\"PropertyValueSpecification\",\"valueRequired\":true,\"valueName\":\"search_term_string\"}}],\"inLanguage\":\"pt-BR\"},{\"@type\":\"Organization\",\"@id\":\"https:\/\/sindcomerciosl.com.br\/portal\/#organization\",\"name\":\"Sindcom\u00e9rcio de Sete Lagoas\",\"url\":\"https:\/\/sindcomerciosl.com.br\/portal\/\",\"logo\":{\"@type\":\"ImageObject\",\"inLanguage\":\"pt-BR\",\"@id\":\"https:\/\/sindcomerciosl.com.br\/portal\/#\/schema\/logo\/image\/\",\"url\":\"https:\/\/sindcomerciosl.com.br\/portal\/wp-content\/uploads\/2018\/07\/logo-sindcomercio-mobile.png\",\"contentUrl\":\"https:\/\/sindcomerciosl.com.br\/portal\/wp-content\/uploads\/2018\/07\/logo-sindcomercio-mobile.png\",\"width\":140,\"height\":48,\"caption\":\"Sindcom\u00e9rcio de Sete Lagoas\"},\"image\":{\"@id\":\"https:\/\/sindcomerciosl.com.br\/portal\/#\/schema\/logo\/image\/\"}}]}<\/script>\n<!-- \/ Yoast SEO plugin. -->","yoast_head_json":{"title":"Conetb | SindCom\u00e9rcio","description":"CONETB \u00e9 a plataforma de marketplace do Sindcom\u00e9rcio Sete Lagoas que oferece um ambiente online de busca e compara\u00e7\u00e3o de pre\u00e7os para simplificar a compra","robots":{"index":"index","follow":"follow","max-snippet":"max-snippet:-1","max-image-preview":"max-image-preview:large","max-video-preview":"max-video-preview:-1"},"canonical":"https:\/\/sindcomerciosl.com.br\/portal\/conetb\/","og_locale":"pt_BR","og_type":"article","og_title":"Conetb | SindCom\u00e9rcio","og_description":"CONETB \u00e9 a plataforma de marketplace do Sindcom\u00e9rcio Sete Lagoas que oferece um ambiente online de busca e compara\u00e7\u00e3o de pre\u00e7os para simplificar a compra","og_url":"https:\/\/sindcomerciosl.com.br\/portal\/conetb\/","og_site_name":"SindCom\u00e9rcio","article_modified_time":"2018-10-23T20:17:47+00:00","og_image":[{"url":"https:\/\/sindcomerciosl.com.br\/portal\/wp-content\/uploads\/2018\/10\/checked.png","type":"","width":"","height":""}],"twitter_card":"summary_large_image","twitter_misc":{"Est. tempo de leitura":"5 minutos"},"schema":{"@context":"https:\/\/schema.org","@graph":[{"@type":"WebPage","@id":"https:\/\/sindcomerciosl.com.br\/portal\/conetb\/","url":"https:\/\/sindcomerciosl.com.br\/portal\/conetb\/","name":"Conetb | SindCom\u00e9rcio","isPartOf":{"@id":"https:\/\/sindcomerciosl.com.br\/portal\/#website"},"primaryImageOfPage":{"@id":"https:\/\/sindcomerciosl.com.br\/portal\/conetb\/#primaryimage"},"image":{"@id":"https:\/\/sindcomerciosl.com.br\/portal\/conetb\/#primaryimage"},"thumbnailUrl":"https:\/\/sindcomerciosl.com.br\/portal\/wp-content\/uploads\/2018\/10\/checked.png","datePublished":"2018-10-19T19:20:11+00:00","dateModified":"2018-10-23T20:17:47+00:00","description":"CONETB \u00e9 a plataforma de marketplace do Sindcom\u00e9rcio Sete Lagoas que oferece um ambiente online de busca e compara\u00e7\u00e3o de pre\u00e7os para simplificar a compra","breadcrumb":{"@id":"https:\/\/sindcomerciosl.com.br\/portal\/conetb\/#breadcrumb"},"inLanguage":"pt-BR","potentialAction":[{"@type":"ReadAction","target":["https:\/\/sindcomerciosl.com.br\/portal\/conetb\/"]}]},{"@type":"ImageObject","inLanguage":"pt-BR","@id":"https:\/\/sindcomerciosl.com.br\/portal\/conetb\/#primaryimage","url":"https:\/\/sindcomerciosl.com.br\/portal\/wp-content\/uploads\/2018\/10\/checked.png","contentUrl":"https:\/\/sindcomerciosl.com.br\/portal\/wp-content\/uploads\/2018\/10\/checked.png","width":24,"height":24},{"@type":"BreadcrumbList","@id":"https:\/\/sindcomerciosl.com.br\/portal\/conetb\/#breadcrumb","itemListElement":[{"@type":"ListItem","position":1,"name":"In\u00edcio","item":"https:\/\/sindcomerciosl.com.br\/portal\/"},{"@type":"ListItem","position":2,"name":"Conetb"}]},{"@type":"WebSite","@id":"https:\/\/sindcomerciosl.com.br\/portal\/#website","url":"https:\/\/sindcomerciosl.com.br\/portal\/","name":"SindCom\u00e9rcio","description":"","publisher":{"@id":"https:\/\/sindcomerciosl.com.br\/portal\/#organization"},"potentialAction":[{"@type":"SearchAction","target":{"@type":"EntryPoint","urlTemplate":"https:\/\/sindcomerciosl.com.br\/portal\/?s={search_term_string}"},"query-input":{"@type":"PropertyValueSpecification","valueRequired":true,"valueName":"search_term_string"}}],"inLanguage":"pt-BR"},{"@type":"Organization","@id":"https:\/\/sindcomerciosl.com.br\/portal\/#organization","name":"Sindcom\u00e9rcio de Sete Lagoas","url":"https:\/\/sindcomerciosl.com.br\/portal\/","logo":{"@type":"ImageObject","inLanguage":"pt-BR","@id":"https:\/\/sindcomerciosl.com.br\/portal\/#\/schema\/logo\/image\/","url":"https:\/\/sindcomerciosl.com.br\/portal\/wp-content\/uploads\/2018\/07\/logo-sindcomercio-mobile.png","contentUrl":"https:\/\/sindcomerciosl.com.br\/portal\/wp-content\/uploads\/2018\/07\/logo-sindcomercio-mobile.png","width":140,"height":48,"caption":"Sindcom\u00e9rcio de Sete Lagoas"},"image":{"@id":"https:\/\/sindcomerciosl.com.br\/portal\/#\/schema\/logo\/image\/"}}]}},"_links":{"self":[{"href":"https:\/\/sindcomerciosl.com.br\/portal\/wp-json\/wp\/v2\/pages\/702","targetHints":{"allow":["GET"]}}],"collection":[{"href":"https:\/\/sindcomerciosl.com.br\/portal\/wp-json\/wp\/v2\/pages"}],"about":[{"href":"https:\/\/sindcomerciosl.com.br\/portal\/wp-json\/wp\/v2\/types\/page"}],"author":[{"embeddable":true,"href":"https:\/\/sindcomerciosl.com.br\/portal\/wp-json\/wp\/v2\/users\/1"}],"replies":[{"embeddable":true,"href":"https:\/\/sindcomerciosl.com.br\/portal\/wp-json\/wp\/v2\/comments?post=702"}],"version-history":[{"count":37,"href":"https:\/\/sindcomerciosl.com.br\/portal\/wp-json\/wp\/v2\/pages\/702\/revisions"}],"predecessor-version":[{"id":778,"href":"https:\/\/sindcomerciosl.com.br\/portal\/wp-json\/wp\/v2\/pages\/702\/revisions\/778"}],"wp:attachment":[{"href":"https:\/\/sindcomerciosl.com.br\/portal\/wp-json\/wp\/v2\/media?parent=702"}],"curies":[{"name":"wp","href":"https:\/\/api.w.org\/{rel}","templated":true}]}}